{"id":1091,"date":"2023-03-14T12:21:07","date_gmt":"2023-03-14T11:21:07","guid":{"rendered":"https:\/\/zidovskaskolalevice.sk\/?page_id=1091"},"modified":"2024-10-10T10:18:59","modified_gmt":"2024-10-10T08:18:59","slug":"aktivity-projektu","status":"publish","type":"page","link":"https:\/\/zidovskaskolalevice.sk\/?page_id=1091","title":{"rendered":"Aktivity projektu"},"content":{"rendered":"\t\t<div data-elementor-type=\"wp-page\" data-elementor-id=\"1091\" class=\"elementor elementor-1091\">\n\t\t\t\t\t\t<section class=\"elementor-section elementor-top-section elementor-element elementor-element-07e0b51 elementor-section-boxed elementor-section-height-default elementor-section-height-default\" data-id=\"07e0b51\" data-element_type=\"section\" data-e-type=\"section\">\n\t\t\t\t\t\t<div class=\"elementor-container elementor-column-gap-default\">\n\t\t\t\t\t<div class=\"elementor-column elementor-col-100 elementor-top-column elementor-element elementor-element-665a2eb\" data-id=\"665a2eb\" data-element_type=\"column\" data-e-type=\"column\">\n\t\t\t<div class=\"elementor-widget-wrap elementor-element-populated\">\n\t\t\t\t\t\t<div class=\"elementor-element elementor-element-94e0038 elementor-widget elementor-widget-text-editor\" data-id=\"94e0038\" data-element_type=\"widget\" data-e-type=\"widget\" data-widget_type=\"text-editor.default\">\n\t\t\t\t<div class=\"elementor-widget-container\">\n\t\t\t\t\t\t\t\t\t<p>1. Aktivita &#8211; Obnova kult\u00farnej pamiatky<\/p><p>\u00a0<span style=\"font-size: 15px; color: var( --e-global-color-text );\">2. Vytvorenie st\u00e1lej expoz\u00edcie o \u017eivote \u017didov v na\u0161om regi\u00f3ne a vytvorenie Centra tolerancie<\/span><\/p><p>\u00a0<span style=\"font-size: 15px; color: var( --e-global-color-text );\">3. Organiz\u00e1cia workshopov a prezent\u00e1cia \u013eudov\u00fdch umelcov a remeseln\u00edkov<\/span><\/p><p>\u00a0<span style=\"font-size: 15px; color: var( --e-global-color-text );\">4. Spolupr\u00e1ca s lok\u00e1lnymi a zahrani\u010dn\u00fdmi partnermi<\/span><\/p><p>\u00a0<span style=\"font-size: 15px; color: var( --e-global-color-text );\">5. \u0160\u00edrenie a propag\u00e1cia Toleran\u010dn\u00e9ho centra<\/span><\/p>\t\t\t\t\t\t\t\t<\/div>\n\t\t\t\t<\/div>\n\t\t\t\t\t<\/div>\n\t\t<\/div>\n\t\t\t\t\t<\/div>\n\t\t<\/section>\n\t\t\t\t<section class=\"elementor-section elementor-top-section elementor-element elementor-element-6e905a4 elementor-section-boxed elementor-section-height-default elementor-section-height-default\" data-id=\"6e905a4\" data-element_type=\"section\" data-e-type=\"section\">\n\t\t\t\t\t\t<div class=\"elementor-container elementor-column-gap-default\">\n\t\t\t\t\t<div class=\"elementor-column elementor-col-100 elementor-top-column elementor-element elementor-element-5919082\" data-id=\"5919082\" data-element_type=\"column\" data-e-type=\"column\">\n\t\t\t<div class=\"elementor-widget-wrap elementor-element-populated\">\n\t\t\t\t\t\t<div class=\"elementor-element elementor-element-21191f5 elementor-widget elementor-widget-heading\" data-id=\"21191f5\" data-element_type=\"widget\" data-e-type=\"widget\" data-widget_type=\"heading.default\">\n\t\t\t\t<div class=\"elementor-widget-container\">\n\t\t\t\t\t<h2 class=\"elementor-heading-title elementor-size-default\">Partnersk\u00e9 dohody<\/h2>\t\t\t\t<\/div>\n\t\t\t\t<\/div>\n\t\t\t\t\t<\/div>\n\t\t<\/div>\n\t\t\t\t\t<\/div>\n\t\t<\/section>\n\t\t\t\t<section class=\"elementor-section elementor-top-section elementor-element elementor-element-d8be9b9 elementor-section-boxed elementor-section-height-default elementor-section-height-default\" data-id=\"d8be9b9\" data-element_type=\"section\" data-e-type=\"section\">\n\t\t\t\t\t\t<div class=\"elementor-container elementor-column-gap-default\">\n\t\t\t\t\t<div class=\"elementor-column elementor-col-25 elementor-top-column elementor-element elementor-element-b707118\" data-id=\"b707118\" data-element_type=\"column\" data-e-type=\"column\">\n\t\t\t<div class=\"elementor-widget-wrap elementor-element-populated\">\n\t\t\t\t\t\t<div class=\"elementor-element elementor-element-145ad0a elementor-widget elementor-widget-image\" data-id=\"145ad0a\" data-element_type=\"widget\" data-e-type=\"widget\" data-widget_type=\"image.default\">\n\t\t\t\t<div class=\"elementor-widget-container\">\n\t\t\t\t\t\t\t\t\t\t\t\t<figure class=\"wp-caption\">\n\t\t\t\t\t\t\t\t\t\t\t<a href=\"https:\/\/storage.cinemaware.eu\/742\/206\/SKM_C250i24101009320.pdf\">\n\t\t\t\t\t\t\t<img decoding=\"async\" width=\"150\" height=\"150\" src=\"https:\/\/zidovskaskolalevice.sk\/wp-content\/uploads\/2024\/10\/file-type-icons-format-and-extension-of-documents-pdf-icon-free-vector-150x150.jpg\" class=\"attachment-thumbnail size-thumbnail wp-image-3617\" alt=\"\" srcset=\"https:\/\/zidovskaskolalevice.sk\/wp-content\/uploads\/2024\/10\/file-type-icons-format-and-extension-of-documents-pdf-icon-free-vector-150x150.jpg 150w, https:\/\/zidovskaskolalevice.sk\/wp-content\/uploads\/2024\/10\/file-type-icons-format-and-extension-of-documents-pdf-icon-free-vector-300x300.jpg 300w, https:\/\/zidovskaskolalevice.sk\/wp-content\/uploads\/2024\/10\/file-type-icons-format-and-extension-of-documents-pdf-icon-free-vector-768x768.jpg 768w, https:\/\/zidovskaskolalevice.sk\/wp-content\/uploads\/2024\/10\/file-type-icons-format-and-extension-of-documents-pdf-icon-free-vector.jpg 980w\" sizes=\"(max-width: 150px) 100vw, 150px\" \/>\t\t\t\t\t\t\t\t<\/a>\n\t\t\t\t\t\t\t\t\t\t\t<figcaption class=\"widget-image-caption wp-caption-text\">Partnersk\u00e1 dohoda s Mestom Levice<\/figcaption>\n\t\t\t\t\t\t\t\t\t\t<\/figure>\n\t\t\t\t\t\t\t\t\t<\/div>\n\t\t\t\t<\/div>\n\t\t\t\t\t<\/div>\n\t\t<\/div>\n\t\t\t\t<div class=\"elementor-column elementor-col-25 elementor-top-column elementor-element elementor-element-c3b1f77\" data-id=\"c3b1f77\" data-element_type=\"column\" data-e-type=\"column\">\n\t\t\t<div class=\"elementor-widget-wrap elementor-element-populated\">\n\t\t\t\t\t\t<div class=\"elementor-element elementor-element-5ef3a47 elementor-widget elementor-widget-image\" data-id=\"5ef3a47\" data-element_type=\"widget\" data-e-type=\"widget\" data-widget_type=\"image.default\">\n\t\t\t\t<div class=\"elementor-widget-container\">\n\t\t\t\t\t\t\t\t\t\t\t\t<figure class=\"wp-caption\">\n\t\t\t\t\t\t\t\t\t\t\t<a href=\"https:\/\/storage.cinemaware.eu\/742\/206\/SKM_C250i24101009310.pdf\">\n\t\t\t\t\t\t\t<img decoding=\"async\" width=\"150\" height=\"150\" src=\"https:\/\/zidovskaskolalevice.sk\/wp-content\/uploads\/2024\/10\/file-type-icons-format-and-extension-of-documents-pdf-icon-free-vector-150x150.jpg\" class=\"attachment-thumbnail size-thumbnail wp-image-3617\" alt=\"\" srcset=\"https:\/\/zidovskaskolalevice.sk\/wp-content\/uploads\/2024\/10\/file-type-icons-format-and-extension-of-documents-pdf-icon-free-vector-150x150.jpg 150w, https:\/\/zidovskaskolalevice.sk\/wp-content\/uploads\/2024\/10\/file-type-icons-format-and-extension-of-documents-pdf-icon-free-vector-300x300.jpg 300w, https:\/\/zidovskaskolalevice.sk\/wp-content\/uploads\/2024\/10\/file-type-icons-format-and-extension-of-documents-pdf-icon-free-vector-768x768.jpg 768w, https:\/\/zidovskaskolalevice.sk\/wp-content\/uploads\/2024\/10\/file-type-icons-format-and-extension-of-documents-pdf-icon-free-vector.jpg 980w\" sizes=\"(max-width: 150px) 100vw, 150px\" \/>\t\t\t\t\t\t\t\t<\/a>\n\t\t\t\t\t\t\t\t\t\t\t<figcaption class=\"widget-image-caption wp-caption-text\">Partnersk\u00e1 dohoda s Tekovsk\u00fdm m\u00fazeom Levice<\/figcaption>\n\t\t\t\t\t\t\t\t\t\t<\/figure>\n\t\t\t\t\t\t\t\t\t<\/div>\n\t\t\t\t<\/div>\n\t\t\t\t\t<\/div>\n\t\t<\/div>\n\t\t\t\t<div class=\"elementor-column elementor-col-25 elementor-top-column elementor-element elementor-element-05538a8\" data-id=\"05538a8\" data-element_type=\"column\" data-e-type=\"column\">\n\t\t\t<div class=\"elementor-widget-wrap\">\n\t\t\t\t\t\t\t<\/div>\n\t\t<\/div>\n\t\t\t\t<div class=\"elementor-column elementor-col-25 elementor-top-column elementor-element elementor-element-132b2ae\" data-id=\"132b2ae\" data-element_type=\"column\" data-e-type=\"column\">\n\t\t\t<div class=\"elementor-widget-wrap\">\n\t\t\t\t\t\t\t<\/div>\n\t\t<\/div>\n\t\t\t\t\t<\/div>\n\t\t<\/section>\n\t\t\t\t<\/div>\n\t\t","protected":false},"excerpt":{"rendered":"<p>1. Aktivita &#8211; Obnova kult\u00farnej pamiatky \u00a02. Vytvorenie st\u00e1lej expoz\u00edcie o \u017eivote \u017didov v na\u0161om regi\u00f3ne a vytvorenie Centra tolerancie \u00a03. Organiz\u00e1cia workshopov a prezent\u00e1cia \u013eudov\u00fdch umelcov a remeseln\u00edkov \u00a04. Spolupr\u00e1ca s lok\u00e1lnymi a zahrani\u010dn\u00fdmi partnermi \u00a05. \u0160\u00edrenie a propag\u00e1cia Toleran\u010dn\u00e9ho centra Partnersk\u00e9 dohody Partnersk\u00e1 dohoda s Mestom Levice Partnersk\u00e1 dohoda s Tekovsk\u00fdm m\u00fazeom Levice<\/p>\n","protected":false},"author":1,"featured_media":0,"parent":0,"menu_order":0,"comment_status":"closed","ping_status":"closed","template":"","meta":{"om_disable_all_campaigns":false,"_monsterinsights_skip_tracking":false,"_monsterinsights_sitenote_active":false,"_monsterinsights_sitenote_note":"","_monsterinsights_sitenote_category":0,"_uf_show_specific_survey":0,"_uf_disable_surveys":false,"ngg_post_thumbnail":0,"footnotes":""},"class_list":["post-1091","page","type-page","status-publish","hentry"],"yoast_head":"<!-- This site is optimized with the Yoast SEO plugin v27.5 - https:\/\/yoast.com\/product\/yoast-seo-wordpress\/ -->\n<title>Aktivity projektu - Projekt na obnovu n\u00e1rodnej kult\u00farnej pamiatky \u017didovsk\u00e1 \u0161kola Levice<\/title>\n<meta name=\"robots\" content=\"index, follow, max-snippet:-1, max-image-preview:large, max-video-preview:-1\" \/>\n<link rel=\"canonical\" href=\"https:\/\/zidovskaskolalevice.sk\/?page_id=1091\" \/>\n<meta property=\"og:locale\" content=\"sk_SK\" \/>\n<meta property=\"og:type\" content=\"article\" \/>\n<meta property=\"og:title\" content=\"Aktivity projektu - Projekt na obnovu n\u00e1rodnej kult\u00farnej pamiatky \u017didovsk\u00e1 \u0161kola Levice\" \/>\n<meta property=\"og:description\" content=\"1. Aktivita &#8211; Obnova kult\u00farnej pamiatky \u00a02. Vytvorenie st\u00e1lej expoz\u00edcie o \u017eivote \u017didov v na\u0161om regi\u00f3ne a vytvorenie Centra tolerancie \u00a03. Organiz\u00e1cia workshopov a prezent\u00e1cia \u013eudov\u00fdch umelcov a remeseln\u00edkov \u00a04. Spolupr\u00e1ca s lok\u00e1lnymi a zahrani\u010dn\u00fdmi partnermi \u00a05. \u0160\u00edrenie a propag\u00e1cia Toleran\u010dn\u00e9ho centra Partnersk\u00e9 dohody Partnersk\u00e1 dohoda s Mestom Levice Partnersk\u00e1 dohoda s Tekovsk\u00fdm m\u00fazeom Levice\" \/>\n<meta property=\"og:url\" content=\"https:\/\/zidovskaskolalevice.sk\/?page_id=1091\" \/>\n<meta property=\"og:site_name\" content=\"Projekt na obnovu n\u00e1rodnej kult\u00farnej pamiatky \u017didovsk\u00e1 \u0161kola Levice\" \/>\n<meta property=\"article:modified_time\" content=\"2024-10-10T08:18:59+00:00\" \/>\n<meta property=\"og:image\" content=\"http:\/\/zidovskaskolalevice.sk\/wp-content\/uploads\/2024\/10\/file-type-icons-format-and-extension-of-documents-pdf-icon-free-vector-150x150.jpg\" \/>\n<meta name=\"twitter:card\" content=\"summary_large_image\" \/>\n<meta name=\"twitter:label1\" content=\"Predpokladan\u00fd \u010das \u010d\u00edtania\" \/>\n\t<meta name=\"twitter:data1\" content=\"1 min\u00fata\" \/>\n<script type=\"application\/ld+json\" class=\"yoast-schema-graph\">{\"@context\":\"https:\\\/\\\/schema.org\",\"@graph\":[{\"@type\":\"WebPage\",\"@id\":\"https:\\\/\\\/zidovskaskolalevice.sk\\\/?page_id=1091\",\"url\":\"https:\\\/\\\/zidovskaskolalevice.sk\\\/?page_id=1091\",\"name\":\"Aktivity projektu - Projekt na obnovu n\u00e1rodnej kult\u00farnej pamiatky \u017didovsk\u00e1 \u0161kola Levice\",\"isPartOf\":{\"@id\":\"https:\\\/\\\/zidovskaskolalevice.sk\\\/#website\"},\"primaryImageOfPage\":{\"@id\":\"https:\\\/\\\/zidovskaskolalevice.sk\\\/?page_id=1091#primaryimage\"},\"image\":{\"@id\":\"https:\\\/\\\/zidovskaskolalevice.sk\\\/?page_id=1091#primaryimage\"},\"thumbnailUrl\":\"http:\\\/\\\/zidovskaskolalevice.sk\\\/wp-content\\\/uploads\\\/2024\\\/10\\\/file-type-icons-format-and-extension-of-documents-pdf-icon-free-vector-150x150.jpg\",\"datePublished\":\"2023-03-14T11:21:07+00:00\",\"dateModified\":\"2024-10-10T08:18:59+00:00\",\"breadcrumb\":{\"@id\":\"https:\\\/\\\/zidovskaskolalevice.sk\\\/?page_id=1091#breadcrumb\"},\"inLanguage\":\"sk-SK\",\"potentialAction\":[{\"@type\":\"ReadAction\",\"target\":[\"https:\\\/\\\/zidovskaskolalevice.sk\\\/?page_id=1091\"]}]},{\"@type\":\"ImageObject\",\"inLanguage\":\"sk-SK\",\"@id\":\"https:\\\/\\\/zidovskaskolalevice.sk\\\/?page_id=1091#primaryimage\",\"url\":\"http:\\\/\\\/zidovskaskolalevice.sk\\\/wp-content\\\/uploads\\\/2024\\\/10\\\/file-type-icons-format-and-extension-of-documents-pdf-icon-free-vector-150x150.jpg\",\"contentUrl\":\"http:\\\/\\\/zidovskaskolalevice.sk\\\/wp-content\\\/uploads\\\/2024\\\/10\\\/file-type-icons-format-and-extension-of-documents-pdf-icon-free-vector-150x150.jpg\"},{\"@type\":\"BreadcrumbList\",\"@id\":\"https:\\\/\\\/zidovskaskolalevice.sk\\\/?page_id=1091#breadcrumb\",\"itemListElement\":[{\"@type\":\"ListItem\",\"position\":1,\"name\":\"Home\",\"item\":\"https:\\\/\\\/zidovskaskolalevice.sk\\\/\"},{\"@type\":\"ListItem\",\"position\":2,\"name\":\"Aktivity projektu\"}]},{\"@type\":\"WebSite\",\"@id\":\"https:\\\/\\\/zidovskaskolalevice.sk\\\/#website\",\"url\":\"https:\\\/\\\/zidovskaskolalevice.sk\\\/\",\"name\":\"Projekt na obnovu n\u00e1rodnej kult\u00farnej pamiatky \u017didovsk\u00e1 \u0161kola Levice\",\"description\":\"Projekt na obnovu n\u00e1rodnej kult\u00farnej pamiatky \u017didovsk\u00e1 \u0161kola Levice\",\"publisher\":{\"@id\":\"https:\\\/\\\/zidovskaskolalevice.sk\\\/#organization\"},\"potentialAction\":[{\"@type\":\"SearchAction\",\"target\":{\"@type\":\"EntryPoint\",\"urlTemplate\":\"https:\\\/\\\/zidovskaskolalevice.sk\\\/?s={search_term_string}\"},\"query-input\":{\"@type\":\"PropertyValueSpecification\",\"valueRequired\":true,\"valueName\":\"search_term_string\"}}],\"inLanguage\":\"sk-SK\"},{\"@type\":\"Organization\",\"@id\":\"https:\\\/\\\/zidovskaskolalevice.sk\\\/#organization\",\"name\":\"Projekt na obnovu n\u00e1rodnej kult\u00farnej pamiatky \u017didovsk\u00e1 \u0161kola Levice\",\"url\":\"https:\\\/\\\/zidovskaskolalevice.sk\\\/\",\"logo\":{\"@type\":\"ImageObject\",\"inLanguage\":\"sk-SK\",\"@id\":\"https:\\\/\\\/zidovskaskolalevice.sk\\\/#\\\/schema\\\/logo\\\/image\\\/\",\"url\":\"https:\\\/\\\/zidovskaskolalevice.sk\\\/wp-content\\\/uploads\\\/2023\\\/03\\\/cropped-logo_spravne-2.jpg\",\"contentUrl\":\"https:\\\/\\\/zidovskaskolalevice.sk\\\/wp-content\\\/uploads\\\/2023\\\/03\\\/cropped-logo_spravne-2.jpg\",\"width\":680,\"height\":237,\"caption\":\"Projekt na obnovu n\u00e1rodnej kult\u00farnej pamiatky \u017didovsk\u00e1 \u0161kola Levice\"},\"image\":{\"@id\":\"https:\\\/\\\/zidovskaskolalevice.sk\\\/#\\\/schema\\\/logo\\\/image\\\/\"}}]}<\/script>\n<!-- \/ Yoast SEO plugin. -->","yoast_head_json":{"title":"Aktivity projektu - Projekt na obnovu n\u00e1rodnej kult\u00farnej pamiatky \u017didovsk\u00e1 \u0161kola Levice","robots":{"index":"index","follow":"follow","max-snippet":"max-snippet:-1","max-image-preview":"max-image-preview:large","max-video-preview":"max-video-preview:-1"},"canonical":"https:\/\/zidovskaskolalevice.sk\/?page_id=1091","og_locale":"sk_SK","og_type":"article","og_title":"Aktivity projektu - Projekt na obnovu n\u00e1rodnej kult\u00farnej pamiatky \u017didovsk\u00e1 \u0161kola Levice","og_description":"1. Aktivita &#8211; Obnova kult\u00farnej pamiatky \u00a02. Vytvorenie st\u00e1lej expoz\u00edcie o \u017eivote \u017didov v na\u0161om regi\u00f3ne a vytvorenie Centra tolerancie \u00a03. Organiz\u00e1cia workshopov a prezent\u00e1cia \u013eudov\u00fdch umelcov a remeseln\u00edkov \u00a04. Spolupr\u00e1ca s lok\u00e1lnymi a zahrani\u010dn\u00fdmi partnermi \u00a05. \u0160\u00edrenie a propag\u00e1cia Toleran\u010dn\u00e9ho centra Partnersk\u00e9 dohody Partnersk\u00e1 dohoda s Mestom Levice Partnersk\u00e1 dohoda s Tekovsk\u00fdm m\u00fazeom Levice","og_url":"https:\/\/zidovskaskolalevice.sk\/?page_id=1091","og_site_name":"Projekt na obnovu n\u00e1rodnej kult\u00farnej pamiatky \u017didovsk\u00e1 \u0161kola Levice","article_modified_time":"2024-10-10T08:18:59+00:00","og_image":[{"url":"http:\/\/zidovskaskolalevice.sk\/wp-content\/uploads\/2024\/10\/file-type-icons-format-and-extension-of-documents-pdf-icon-free-vector-150x150.jpg","type":"","width":"","height":""}],"twitter_card":"summary_large_image","twitter_misc":{"Predpokladan\u00fd \u010das \u010d\u00edtania":"1 min\u00fata"},"schema":{"@context":"https:\/\/schema.org","@graph":[{"@type":"WebPage","@id":"https:\/\/zidovskaskolalevice.sk\/?page_id=1091","url":"https:\/\/zidovskaskolalevice.sk\/?page_id=1091","name":"Aktivity projektu - Projekt na obnovu n\u00e1rodnej kult\u00farnej pamiatky \u017didovsk\u00e1 \u0161kola Levice","isPartOf":{"@id":"https:\/\/zidovskaskolalevice.sk\/#website"},"primaryImageOfPage":{"@id":"https:\/\/zidovskaskolalevice.sk\/?page_id=1091#primaryimage"},"image":{"@id":"https:\/\/zidovskaskolalevice.sk\/?page_id=1091#primaryimage"},"thumbnailUrl":"http:\/\/zidovskaskolalevice.sk\/wp-content\/uploads\/2024\/10\/file-type-icons-format-and-extension-of-documents-pdf-icon-free-vector-150x150.jpg","datePublished":"2023-03-14T11:21:07+00:00","dateModified":"2024-10-10T08:18:59+00:00","breadcrumb":{"@id":"https:\/\/zidovskaskolalevice.sk\/?page_id=1091#breadcrumb"},"inLanguage":"sk-SK","potentialAction":[{"@type":"ReadAction","target":["https:\/\/zidovskaskolalevice.sk\/?page_id=1091"]}]},{"@type":"ImageObject","inLanguage":"sk-SK","@id":"https:\/\/zidovskaskolalevice.sk\/?page_id=1091#primaryimage","url":"http:\/\/zidovskaskolalevice.sk\/wp-content\/uploads\/2024\/10\/file-type-icons-format-and-extension-of-documents-pdf-icon-free-vector-150x150.jpg","contentUrl":"http:\/\/zidovskaskolalevice.sk\/wp-content\/uploads\/2024\/10\/file-type-icons-format-and-extension-of-documents-pdf-icon-free-vector-150x150.jpg"},{"@type":"BreadcrumbList","@id":"https:\/\/zidovskaskolalevice.sk\/?page_id=1091#breadcrumb","itemListElement":[{"@type":"ListItem","position":1,"name":"Home","item":"https:\/\/zidovskaskolalevice.sk\/"},{"@type":"ListItem","position":2,"name":"Aktivity projektu"}]},{"@type":"WebSite","@id":"https:\/\/zidovskaskolalevice.sk\/#website","url":"https:\/\/zidovskaskolalevice.sk\/","name":"Projekt na obnovu n\u00e1rodnej kult\u00farnej pamiatky \u017didovsk\u00e1 \u0161kola Levice","description":"Projekt na obnovu n\u00e1rodnej kult\u00farnej pamiatky \u017didovsk\u00e1 \u0161kola Levice","publisher":{"@id":"https:\/\/zidovskaskolalevice.sk\/#organization"},"potentialAction":[{"@type":"SearchAction","target":{"@type":"EntryPoint","urlTemplate":"https:\/\/zidovskaskolalevice.sk\/?s={search_term_string}"},"query-input":{"@type":"PropertyValueSpecification","valueRequired":true,"valueName":"search_term_string"}}],"inLanguage":"sk-SK"},{"@type":"Organization","@id":"https:\/\/zidovskaskolalevice.sk\/#organization","name":"Projekt na obnovu n\u00e1rodnej kult\u00farnej pamiatky \u017didovsk\u00e1 \u0161kola Levice","url":"https:\/\/zidovskaskolalevice.sk\/","logo":{"@type":"ImageObject","inLanguage":"sk-SK","@id":"https:\/\/zidovskaskolalevice.sk\/#\/schema\/logo\/image\/","url":"https:\/\/zidovskaskolalevice.sk\/wp-content\/uploads\/2023\/03\/cropped-logo_spravne-2.jpg","contentUrl":"https:\/\/zidovskaskolalevice.sk\/wp-content\/uploads\/2023\/03\/cropped-logo_spravne-2.jpg","width":680,"height":237,"caption":"Projekt na obnovu n\u00e1rodnej kult\u00farnej pamiatky \u017didovsk\u00e1 \u0161kola Levice"},"image":{"@id":"https:\/\/zidovskaskolalevice.sk\/#\/schema\/logo\/image\/"}}]}},"_links":{"self":[{"href":"https:\/\/zidovskaskolalevice.sk\/index.php?rest_route=\/wp\/v2\/pages\/1091","targetHints":{"allow":["GET"]}}],"collection":[{"href":"https:\/\/zidovskaskolalevice.sk\/index.php?rest_route=\/wp\/v2\/pages"}],"about":[{"href":"https:\/\/zidovskaskolalevice.sk\/index.php?rest_route=\/wp\/v2\/types\/page"}],"author":[{"embeddable":true,"href":"https:\/\/zidovskaskolalevice.sk\/index.php?rest_route=\/wp\/v2\/users\/1"}],"replies":[{"embeddable":true,"href":"https:\/\/zidovskaskolalevice.sk\/index.php?rest_route=%2Fwp%2Fv2%2Fcomments&post=1091"}],"version-history":[{"count":6,"href":"https:\/\/zidovskaskolalevice.sk\/index.php?rest_route=\/wp\/v2\/pages\/1091\/revisions"}],"predecessor-version":[{"id":3626,"href":"https:\/\/zidovskaskolalevice.sk\/index.php?rest_route=\/wp\/v2\/pages\/1091\/revisions\/3626"}],"wp:attachment":[{"href":"https:\/\/zidovskaskolalevice.sk\/index.php?rest_route=%2Fwp%2Fv2%2Fmedia&parent=1091"}],"curies":[{"name":"wp","href":"https:\/\/api.w.org\/{rel}","templated":true}]}}