{"id":153,"date":"2021-11-05T10:54:35","date_gmt":"2021-11-05T09:54:35","guid":{"rendered":"https:\/\/zidovskaskolalevice.sk\/?page_id=153"},"modified":"2022-07-27T12:57:39","modified_gmt":"2022-07-27T10:57:39","slug":"transparentny-projekt","status":"publish","type":"page","link":"https:\/\/zidovskaskolalevice.sk\/?page_id=153","title":{"rendered":"Transparentn\u00fd projekt"},"content":{"rendered":"\t\t<div data-elementor-type=\"wp-page\" data-elementor-id=\"153\" class=\"elementor elementor-153\">\n\t\t\t\t\t\t<section class=\"elementor-section elementor-top-section elementor-element elementor-element-d573116 elementor-section-boxed elementor-section-height-default elementor-section-height-default\" data-id=\"d573116\" data-element_type=\"section\" data-e-type=\"section\">\n\t\t\t\t\t\t<div class=\"elementor-container elementor-column-gap-default\">\n\t\t\t\t\t<div class=\"elementor-column elementor-col-100 elementor-top-column elementor-element elementor-element-7721966\" data-id=\"7721966\" data-element_type=\"column\" data-e-type=\"column\">\n\t\t\t<div class=\"elementor-widget-wrap elementor-element-populated\">\n\t\t\t\t\t\t<section class=\"elementor-section elementor-inner-section elementor-element elementor-element-d23a7ee elementor-section-boxed elementor-section-height-default elementor-section-height-default\" data-id=\"d23a7ee\" data-element_type=\"section\" data-e-type=\"section\">\n\t\t\t\t\t\t<div class=\"elementor-container elementor-column-gap-default\">\n\t\t\t\t\t<div class=\"elementor-column elementor-col-50 elementor-inner-column elementor-element elementor-element-74d1bda\" data-id=\"74d1bda\" data-element_type=\"column\" data-e-type=\"column\">\n\t\t\t<div class=\"elementor-widget-wrap elementor-element-populated\">\n\t\t\t\t\t\t<div class=\"elementor-element elementor-element-3318777 elementor-widget elementor-widget-text-editor\" data-id=\"3318777\" data-element_type=\"widget\" data-e-type=\"widget\" data-widget_type=\"text-editor.default\">\n\t\t\t\t<div class=\"elementor-widget-container\">\n\t\t\t\t\t\t\t\t\t<h3><strong><span style=\"color: #000000;\">Spolo\u010dn\u00fdm \u00fasil\u00edm k<\/span> <span style=\"color: #20d100;\">zelenej<\/span><span style=\"color: #000000;\">,<\/span> <span style=\"color: #ff0200;\">konkurencieschopnej<\/span> <span style=\"color: #000000;\">a<\/span> <span style=\"color: #003096;\">inkluz\u00edvnej<\/span> <span style=\"color: #000000;\">Eur\u00f3pe.<\/span><\/strong><\/h3>\t\t\t\t\t\t\t\t<\/div>\n\t\t\t\t<\/div>\n\t\t\t\t<div class=\"elementor-element elementor-element-439857c elementor-widget elementor-widget-text-editor\" data-id=\"439857c\" data-element_type=\"widget\" data-e-type=\"widget\" data-widget_type=\"text-editor.default\">\n\t\t\t\t<div class=\"elementor-widget-container\">\n\t\t\t\t\t\t\t\t\t<p>Projek Obnova n\u00e1rodnej kult\u00farnej pamiatky &#8211; \u017eidovsk\u00e1 \u0161kola Levice je financovan\u00fd z Grantov EHP a \u0161t\u00e1tneho rozpo\u010dtu Slovenskej republiky v r\u00e1mci programu Kult\u00fara.<\/p><p>Granty EHP predstavuj\u00fa pr\u00edspevok Islandu, Lichten\u0161tajnska a N\u00f3rska k zelenej, konkurencieschopnej a inkluz\u00edvnej Eur\u00f3pe. Maj\u00fa dva hlavn\u00e9 ciele: zni\u017eovanie ekonomick\u00fdch a spolo\u010densk\u00fdch rozdielov v Eur\u00f3pe a posil\u0148ovanie vz\u00e1jomn\u00fdch vz\u0165ahov medzi prispievate\u013esk\u00fdmi krajinami a 15 krajinami E\u00da v strednej a v\u00fdchodnej Eur\u00f3pe a v Pobalt\u00ed.<br \/>Tri prispievate\u013esk\u00e9 \u0161t\u00e1ty \u00fazko spolupracuj\u00fa s E\u00da prostredn\u00edctvom Dohody o Eur\u00f3pskom hospod\u00e1rskom priestore (EHP). Ako donori postupne v rokoch 1994 a\u017e 2014 poskytli prostredn\u00edctvom grantov\u00fdch sch\u00e9m 3,3 miliardy eur. Granty EHP na obdobie 2014 \u2013 2021 dosahuj\u00fa 1,55 miliardy eur. Prioritami tohto obdobia s\u00fa:<\/p><p style=\"padding-left: 40px;\">#1 Inov\u00e1cie,\u00a0 v\u00fdskum,\u00a0 vzdel\u00e1vanie\u00a0a konkurencieschopnos\u0165<br \/>#2 Soci\u00e1lna inkl\u00fazia, zamestnanos\u0165 mlad\u00fdch a odstra\u0148ovanie chudoby<br \/>#3 \u017divotn\u00e9 prostredie, energia, zmena kl\u00edmy a n\u00edzko uhl\u00edkov\u00e9 hospod\u00e1rstvo<br \/>#4 Kult\u00fara, ob\u010dianska spolo\u010dnos\u0165, dobr\u00e9 spravovanie a z\u00e1kladn\u00e9 pr\u00e1va<br \/>#5 Spravodlivos\u0165 a vn\u00fatorn\u00e9 z\u00e1le\u017eitosti<\/p><p>Granty EHP s\u00fa financovan\u00e9 spolo\u010dne Islandom, Lichten\u0161tajnskom a N\u00f3rskom pod\u013ea ich HDP.<br \/>Opr\u00e1vnenos\u0165 \u010derpa\u0165 tieto granty odr\u00e1\u017ea krit\u00e9ri\u00e1\u00a0stanoven\u00e9 pre Koh\u00e9zny fond E\u00da, ktor\u00fd je ur\u010den\u00fd pre \u010dlensk\u00e9 \u0161t\u00e1ty s hrub\u00fdm n\u00e1rodn\u00fdm produktom (HNP) na obyvate\u013ea ni\u017e\u0161\u00edm ne\u017e 90% priemeru E\u00da. V\u0161etky projekty s\u00fa vo v\u00fd\u0161ke 15% spolufinancovan\u00e9 zo \u0161t\u00e1tneho rozpo\u010dtu Slovenskej republiky.<\/p>\t\t\t\t\t\t\t\t<\/div>\n\t\t\t\t<\/div>\n\t\t\t\t\t<\/div>\n\t\t<\/div>\n\t\t\t\t<div class=\"elementor-column elementor-col-50 elementor-inner-column elementor-element elementor-element-bdc7c23\" data-id=\"bdc7c23\" data-element_type=\"column\" data-e-type=\"column\">\n\t\t\t<div class=\"elementor-widget-wrap elementor-element-populated\">\n\t\t\t\t\t\t<div class=\"elementor-element elementor-element-f16df4b elementor-widget elementor-widget-spacer\" data-id=\"f16df4b\" data-element_type=\"widget\" data-e-type=\"widget\" data-widget_type=\"spacer.default\">\n\t\t\t\t<div class=\"elementor-widget-container\">\n\t\t\t\t\t\t\t<div class=\"elementor-spacer\">\n\t\t\t<div class=\"elementor-spacer-inner\"><\/div>\n\t\t<\/div>\n\t\t\t\t\t\t<\/div>\n\t\t\t\t<\/div>\n\t\t\t\t<div class=\"elementor-element elementor-element-86e9fa9 elementor-widget elementor-widget-image\" data-id=\"86e9fa9\" data-element_type=\"widget\" data-e-type=\"widget\" data-widget_type=\"image.default\">\n\t\t\t\t<div class=\"elementor-widget-container\">\n\t\t\t\t\t\t\t\t\t\t\t\t\t\t\t<img fetchpriority=\"high\" decoding=\"async\" width=\"683\" height=\"1024\" src=\"https:\/\/zidovskaskolalevice.sk\/wp-content\/uploads\/2021\/11\/cb-683x1024.jpg\" class=\"attachment-large size-large wp-image-158\" alt=\"\" srcset=\"https:\/\/zidovskaskolalevice.sk\/wp-content\/uploads\/2021\/11\/cb-683x1024.jpg 683w, https:\/\/zidovskaskolalevice.sk\/wp-content\/uploads\/2021\/11\/cb-200x300.jpg 200w, https:\/\/zidovskaskolalevice.sk\/wp-content\/uploads\/2021\/11\/cb-768x1152.jpg 768w, https:\/\/zidovskaskolalevice.sk\/wp-content\/uploads\/2021\/11\/cb.jpg 800w\" sizes=\"(max-width: 683px) 100vw, 683px\" \/>\t\t\t\t\t\t\t\t\t\t\t\t\t\t\t<\/div>\n\t\t\t\t<\/div>\n\t\t\t\t\t<\/div>\n\t\t<\/div>\n\t\t\t\t\t<\/div>\n\t\t<\/section>\n\t\t\t\t<div class=\"elementor-element elementor-element-5777578 elementor-widget elementor-widget-text-editor\" data-id=\"5777578\" data-element_type=\"widget\" data-e-type=\"widget\" data-widget_type=\"text-editor.default\">\n\t\t\t\t<div class=\"elementor-widget-container\">\n\t\t\t\t\t\t\t\t\t<p><span style=\"font-size: 15px; color: var( --e-global-color-text );\">Ak sa chcete dozvedie\u0165 viac o programoch a projektoch financovan\u00fdch z Grantov EHP na Slovensku, nav\u0161t\u00edvte str\u00e1nku <\/span><a style=\"font-size: 15px;\" href=\"http:\/\/www.eeagrants.sk\">www.eeagrants.sk.<\/a><\/p>\t\t\t\t\t\t\t\t<\/div>\n\t\t\t\t<\/div>\n\t\t\t\t<div class=\"elementor-element elementor-element-df1cb59 elementor-widget elementor-widget-heading\" data-id=\"df1cb59\" data-element_type=\"widget\" data-e-type=\"widget\" data-widget_type=\"heading.default\">\n\t\t\t\t<div class=\"elementor-widget-container\">\n\t\t\t\t\t<h2 class=\"elementor-heading-title elementor-size-default\">Zmluvy:<\/h2>\t\t\t\t<\/div>\n\t\t\t\t<\/div>\n\t\t\t\t<div class=\"elementor-element elementor-element-5b54330 elementor-widget elementor-widget-text-editor\" data-id=\"5b54330\" data-element_type=\"widget\" data-e-type=\"widget\" data-widget_type=\"text-editor.default\">\n\t\t\t\t<div class=\"elementor-widget-container\">\n\t\t\t\t\t\t\t\t\t<p><a href=\"http:\/\/zidovskaskolalevice.sk\/wp-content\/uploads\/2022\/07\/Zmluva_o_dielo.pdf\">Zmluva o dielo<\/a><br \/><a style=\"font-size: 15px;\" href=\"http:\/\/zidovskaskolalevice.sk\/wp-content\/uploads\/2022\/07\/navrh_poistnej_zmluvy.pdf\">N\u00e1vrh poistnej zmluvy pre poistenie zodpovednosti za \u0161kodu<\/a><br \/><a style=\"font-size: 15px;\" href=\"http:\/\/zidovskaskolalevice.sk\/wp-content\/uploads\/2022\/07\/kryci_list_rozpoctu.pdf\">Kryc\u00ed list rozpo\u010dtu<\/a><\/p><p>\u00a0<\/p>\t\t\t\t\t\t\t\t<\/div>\n\t\t\t\t<\/div>\n\t\t\t\t<div class=\"elementor-element elementor-element-68d9796 elementor-widget elementor-widget-image\" data-id=\"68d9796\" data-element_type=\"widget\" data-e-type=\"widget\" data-widget_type=\"image.default\">\n\t\t\t\t<div class=\"elementor-widget-container\">\n\t\t\t\t\t\t\t\t\t\t\t\t<figure class=\"wp-caption\">\n\t\t\t\t\t\t\t\t\t\t\t<a href=\"https:\/\/www.facebook.com\/profile.php?id=100069358563242\">\n\t\t\t\t\t\t\t<img decoding=\"async\" width=\"512\" height=\"512\" src=\"https:\/\/zidovskaskolalevice.sk\/wp-content\/uploads\/2022\/02\/facebook.png\" class=\"attachment-large size-large wp-image-635\" alt=\"\" srcset=\"https:\/\/zidovskaskolalevice.sk\/wp-content\/uploads\/2022\/02\/facebook.png 512w, https:\/\/zidovskaskolalevice.sk\/wp-content\/uploads\/2022\/02\/facebook-300x300.png 300w, https:\/\/zidovskaskolalevice.sk\/wp-content\/uploads\/2022\/02\/facebook-150x150.png 150w\" sizes=\"(max-width: 512px) 100vw, 512px\" \/>\t\t\t\t\t\t\t\t<\/a>\n\t\t\t\t\t\t\t\t\t\t\t<figcaption class=\"widget-image-caption wp-caption-text\">Granty EHP a N\u00f3rska na Slovensku<\/figcaption>\n\t\t\t\t\t\t\t\t\t\t<\/figure>\n\t\t\t\t\t\t\t\t\t<\/div>\n\t\t\t\t<\/div>\n\t\t\t\t\t<\/div>\n\t\t<\/div>\n\t\t\t\t\t<\/div>\n\t\t<\/section>\n\t\t\t\t<\/div>\n\t\t","protected":false},"excerpt":{"rendered":"<p>Spolo\u010dn\u00fdm \u00fasil\u00edm k zelenej, konkurencieschopnej a inkluz\u00edvnej Eur\u00f3pe. Projek Obnova n\u00e1rodnej kult\u00farnej pamiatky &#8211; \u017eidovsk\u00e1 \u0161kola Levice je financovan\u00fd z Grantov EHP a \u0161t\u00e1tneho rozpo\u010dtu Slovenskej republiky v r\u00e1mci programu Kult\u00fara. Granty EHP predstavuj\u00fa pr\u00edspevok Islandu, Lichten\u0161tajnska a N\u00f3rska k zelenej, konkurencieschopnej a inkluz\u00edvnej Eur\u00f3pe. Maj\u00fa dva hlavn\u00e9 ciele: zni\u017eovanie ekonomick\u00fdch a spolo\u010densk\u00fdch rozdielov v <a class=\"read-more\" href=\"https:\/\/zidovskaskolalevice.sk\/?page_id=153\">Read More<\/a><\/p>\n","protected":false},"author":1,"featured_media":0,"parent":0,"menu_order":0,"comment_status":"closed","ping_status":"closed","template":"","meta":{"om_disable_all_campaigns":false,"_monsterinsights_skip_tracking":false,"_monsterinsights_sitenote_active":false,"_monsterinsights_sitenote_note":"","_monsterinsights_sitenote_category":0,"_uf_show_specific_survey":0,"_uf_disable_surveys":false,"ngg_post_thumbnail":0,"footnotes":""},"class_list":["post-153","page","type-page","status-publish","hentry"],"yoast_head":"<!-- This site is optimized with the Yoast SEO plugin v27.5 - https:\/\/yoast.com\/product\/yoast-seo-wordpress\/ -->\n<title>Transparentn\u00fd projekt - Projekt na obnovu n\u00e1rodnej kult\u00farnej pamiatky \u017didovsk\u00e1 \u0161kola Levice<\/title>\n<meta name=\"robots\" content=\"index, follow, max-snippet:-1, max-image-preview:large, max-video-preview:-1\" \/>\n<link rel=\"canonical\" href=\"https:\/\/zidovskaskolalevice.sk\/?page_id=153\" \/>\n<meta property=\"og:locale\" content=\"sk_SK\" \/>\n<meta property=\"og:type\" content=\"article\" \/>\n<meta property=\"og:title\" content=\"Transparentn\u00fd projekt - Projekt na obnovu n\u00e1rodnej kult\u00farnej pamiatky \u017didovsk\u00e1 \u0161kola Levice\" \/>\n<meta property=\"og:description\" content=\"Spolo\u010dn\u00fdm \u00fasil\u00edm k zelenej, konkurencieschopnej a inkluz\u00edvnej Eur\u00f3pe. Projek Obnova n\u00e1rodnej kult\u00farnej pamiatky &#8211; \u017eidovsk\u00e1 \u0161kola Levice je financovan\u00fd z Grantov EHP a \u0161t\u00e1tneho rozpo\u010dtu Slovenskej republiky v r\u00e1mci programu Kult\u00fara. Granty EHP predstavuj\u00fa pr\u00edspevok Islandu, Lichten\u0161tajnska a N\u00f3rska k zelenej, konkurencieschopnej a inkluz\u00edvnej Eur\u00f3pe. Maj\u00fa dva hlavn\u00e9 ciele: zni\u017eovanie ekonomick\u00fdch a spolo\u010densk\u00fdch rozdielov v Read More\" \/>\n<meta property=\"og:url\" content=\"https:\/\/zidovskaskolalevice.sk\/?page_id=153\" \/>\n<meta property=\"og:site_name\" content=\"Projekt na obnovu n\u00e1rodnej kult\u00farnej pamiatky \u017didovsk\u00e1 \u0161kola Levice\" \/>\n<meta property=\"article:modified_time\" content=\"2022-07-27T10:57:39+00:00\" \/>\n<meta property=\"og:image\" content=\"http:\/\/zidovskaskolalevice.sk\/wp-content\/uploads\/2021\/11\/cb-683x1024.jpg\" \/>\n<meta name=\"twitter:card\" content=\"summary_large_image\" \/>\n<meta name=\"twitter:label1\" content=\"Predpokladan\u00fd \u010das \u010d\u00edtania\" \/>\n\t<meta name=\"twitter:data1\" content=\"2 min\u00faty\" \/>\n<script type=\"application\/ld+json\" class=\"yoast-schema-graph\">{\"@context\":\"https:\\\/\\\/schema.org\",\"@graph\":[{\"@type\":\"WebPage\",\"@id\":\"https:\\\/\\\/zidovskaskolalevice.sk\\\/?page_id=153\",\"url\":\"https:\\\/\\\/zidovskaskolalevice.sk\\\/?page_id=153\",\"name\":\"Transparentn\u00fd projekt - Projekt na obnovu n\u00e1rodnej kult\u00farnej pamiatky \u017didovsk\u00e1 \u0161kola Levice\",\"isPartOf\":{\"@id\":\"https:\\\/\\\/zidovskaskolalevice.sk\\\/#website\"},\"primaryImageOfPage\":{\"@id\":\"https:\\\/\\\/zidovskaskolalevice.sk\\\/?page_id=153#primaryimage\"},\"image\":{\"@id\":\"https:\\\/\\\/zidovskaskolalevice.sk\\\/?page_id=153#primaryimage\"},\"thumbnailUrl\":\"http:\\\/\\\/zidovskaskolalevice.sk\\\/wp-content\\\/uploads\\\/2021\\\/11\\\/cb-683x1024.jpg\",\"datePublished\":\"2021-11-05T09:54:35+00:00\",\"dateModified\":\"2022-07-27T10:57:39+00:00\",\"breadcrumb\":{\"@id\":\"https:\\\/\\\/zidovskaskolalevice.sk\\\/?page_id=153#breadcrumb\"},\"inLanguage\":\"sk-SK\",\"potentialAction\":[{\"@type\":\"ReadAction\",\"target\":[\"https:\\\/\\\/zidovskaskolalevice.sk\\\/?page_id=153\"]}]},{\"@type\":\"ImageObject\",\"inLanguage\":\"sk-SK\",\"@id\":\"https:\\\/\\\/zidovskaskolalevice.sk\\\/?page_id=153#primaryimage\",\"url\":\"http:\\\/\\\/zidovskaskolalevice.sk\\\/wp-content\\\/uploads\\\/2021\\\/11\\\/cb-683x1024.jpg\",\"contentUrl\":\"http:\\\/\\\/zidovskaskolalevice.sk\\\/wp-content\\\/uploads\\\/2021\\\/11\\\/cb-683x1024.jpg\"},{\"@type\":\"BreadcrumbList\",\"@id\":\"https:\\\/\\\/zidovskaskolalevice.sk\\\/?page_id=153#breadcrumb\",\"itemListElement\":[{\"@type\":\"ListItem\",\"position\":1,\"name\":\"Home\",\"item\":\"https:\\\/\\\/zidovskaskolalevice.sk\\\/\"},{\"@type\":\"ListItem\",\"position\":2,\"name\":\"Transparentn\u00fd projekt\"}]},{\"@type\":\"WebSite\",\"@id\":\"https:\\\/\\\/zidovskaskolalevice.sk\\\/#website\",\"url\":\"https:\\\/\\\/zidovskaskolalevice.sk\\\/\",\"name\":\"Projekt na obnovu n\u00e1rodnej kult\u00farnej pamiatky \u017didovsk\u00e1 \u0161kola Levice\",\"description\":\"Projekt na obnovu n\u00e1rodnej kult\u00farnej pamiatky \u017didovsk\u00e1 \u0161kola Levice\",\"publisher\":{\"@id\":\"https:\\\/\\\/zidovskaskolalevice.sk\\\/#organization\"},\"potentialAction\":[{\"@type\":\"SearchAction\",\"target\":{\"@type\":\"EntryPoint\",\"urlTemplate\":\"https:\\\/\\\/zidovskaskolalevice.sk\\\/?s={search_term_string}\"},\"query-input\":{\"@type\":\"PropertyValueSpecification\",\"valueRequired\":true,\"valueName\":\"search_term_string\"}}],\"inLanguage\":\"sk-SK\"},{\"@type\":\"Organization\",\"@id\":\"https:\\\/\\\/zidovskaskolalevice.sk\\\/#organization\",\"name\":\"Projekt na obnovu n\u00e1rodnej kult\u00farnej pamiatky \u017didovsk\u00e1 \u0161kola Levice\",\"url\":\"https:\\\/\\\/zidovskaskolalevice.sk\\\/\",\"logo\":{\"@type\":\"ImageObject\",\"inLanguage\":\"sk-SK\",\"@id\":\"https:\\\/\\\/zidovskaskolalevice.sk\\\/#\\\/schema\\\/logo\\\/image\\\/\",\"url\":\"https:\\\/\\\/zidovskaskolalevice.sk\\\/wp-content\\\/uploads\\\/2023\\\/03\\\/cropped-logo_spravne-2.jpg\",\"contentUrl\":\"https:\\\/\\\/zidovskaskolalevice.sk\\\/wp-content\\\/uploads\\\/2023\\\/03\\\/cropped-logo_spravne-2.jpg\",\"width\":680,\"height\":237,\"caption\":\"Projekt na obnovu n\u00e1rodnej kult\u00farnej pamiatky \u017didovsk\u00e1 \u0161kola Levice\"},\"image\":{\"@id\":\"https:\\\/\\\/zidovskaskolalevice.sk\\\/#\\\/schema\\\/logo\\\/image\\\/\"}}]}<\/script>\n<!-- \/ Yoast SEO plugin. -->","yoast_head_json":{"title":"Transparentn\u00fd projekt - Projekt na obnovu n\u00e1rodnej kult\u00farnej pamiatky \u017didovsk\u00e1 \u0161kola Levice","robots":{"index":"index","follow":"follow","max-snippet":"max-snippet:-1","max-image-preview":"max-image-preview:large","max-video-preview":"max-video-preview:-1"},"canonical":"https:\/\/zidovskaskolalevice.sk\/?page_id=153","og_locale":"sk_SK","og_type":"article","og_title":"Transparentn\u00fd projekt - Projekt na obnovu n\u00e1rodnej kult\u00farnej pamiatky \u017didovsk\u00e1 \u0161kola Levice","og_description":"Spolo\u010dn\u00fdm \u00fasil\u00edm k zelenej, konkurencieschopnej a inkluz\u00edvnej Eur\u00f3pe. Projek Obnova n\u00e1rodnej kult\u00farnej pamiatky &#8211; \u017eidovsk\u00e1 \u0161kola Levice je financovan\u00fd z Grantov EHP a \u0161t\u00e1tneho rozpo\u010dtu Slovenskej republiky v r\u00e1mci programu Kult\u00fara. Granty EHP predstavuj\u00fa pr\u00edspevok Islandu, Lichten\u0161tajnska a N\u00f3rska k zelenej, konkurencieschopnej a inkluz\u00edvnej Eur\u00f3pe. Maj\u00fa dva hlavn\u00e9 ciele: zni\u017eovanie ekonomick\u00fdch a spolo\u010densk\u00fdch rozdielov v Read More","og_url":"https:\/\/zidovskaskolalevice.sk\/?page_id=153","og_site_name":"Projekt na obnovu n\u00e1rodnej kult\u00farnej pamiatky \u017didovsk\u00e1 \u0161kola Levice","article_modified_time":"2022-07-27T10:57:39+00:00","og_image":[{"url":"http:\/\/zidovskaskolalevice.sk\/wp-content\/uploads\/2021\/11\/cb-683x1024.jpg","type":"","width":"","height":""}],"twitter_card":"summary_large_image","twitter_misc":{"Predpokladan\u00fd \u010das \u010d\u00edtania":"2 min\u00faty"},"schema":{"@context":"https:\/\/schema.org","@graph":[{"@type":"WebPage","@id":"https:\/\/zidovskaskolalevice.sk\/?page_id=153","url":"https:\/\/zidovskaskolalevice.sk\/?page_id=153","name":"Transparentn\u00fd projekt - Projekt na obnovu n\u00e1rodnej kult\u00farnej pamiatky \u017didovsk\u00e1 \u0161kola Levice","isPartOf":{"@id":"https:\/\/zidovskaskolalevice.sk\/#website"},"primaryImageOfPage":{"@id":"https:\/\/zidovskaskolalevice.sk\/?page_id=153#primaryimage"},"image":{"@id":"https:\/\/zidovskaskolalevice.sk\/?page_id=153#primaryimage"},"thumbnailUrl":"http:\/\/zidovskaskolalevice.sk\/wp-content\/uploads\/2021\/11\/cb-683x1024.jpg","datePublished":"2021-11-05T09:54:35+00:00","dateModified":"2022-07-27T10:57:39+00:00","breadcrumb":{"@id":"https:\/\/zidovskaskolalevice.sk\/?page_id=153#breadcrumb"},"inLanguage":"sk-SK","potentialAction":[{"@type":"ReadAction","target":["https:\/\/zidovskaskolalevice.sk\/?page_id=153"]}]},{"@type":"ImageObject","inLanguage":"sk-SK","@id":"https:\/\/zidovskaskolalevice.sk\/?page_id=153#primaryimage","url":"http:\/\/zidovskaskolalevice.sk\/wp-content\/uploads\/2021\/11\/cb-683x1024.jpg","contentUrl":"http:\/\/zidovskaskolalevice.sk\/wp-content\/uploads\/2021\/11\/cb-683x1024.jpg"},{"@type":"BreadcrumbList","@id":"https:\/\/zidovskaskolalevice.sk\/?page_id=153#breadcrumb","itemListElement":[{"@type":"ListItem","position":1,"name":"Home","item":"https:\/\/zidovskaskolalevice.sk\/"},{"@type":"ListItem","position":2,"name":"Transparentn\u00fd projekt"}]},{"@type":"WebSite","@id":"https:\/\/zidovskaskolalevice.sk\/#website","url":"https:\/\/zidovskaskolalevice.sk\/","name":"Projekt na obnovu n\u00e1rodnej kult\u00farnej pamiatky \u017didovsk\u00e1 \u0161kola Levice","description":"Projekt na obnovu n\u00e1rodnej kult\u00farnej pamiatky \u017didovsk\u00e1 \u0161kola Levice","publisher":{"@id":"https:\/\/zidovskaskolalevice.sk\/#organization"},"potentialAction":[{"@type":"SearchAction","target":{"@type":"EntryPoint","urlTemplate":"https:\/\/zidovskaskolalevice.sk\/?s={search_term_string}"},"query-input":{"@type":"PropertyValueSpecification","valueRequired":true,"valueName":"search_term_string"}}],"inLanguage":"sk-SK"},{"@type":"Organization","@id":"https:\/\/zidovskaskolalevice.sk\/#organization","name":"Projekt na obnovu n\u00e1rodnej kult\u00farnej pamiatky \u017didovsk\u00e1 \u0161kola Levice","url":"https:\/\/zidovskaskolalevice.sk\/","logo":{"@type":"ImageObject","inLanguage":"sk-SK","@id":"https:\/\/zidovskaskolalevice.sk\/#\/schema\/logo\/image\/","url":"https:\/\/zidovskaskolalevice.sk\/wp-content\/uploads\/2023\/03\/cropped-logo_spravne-2.jpg","contentUrl":"https:\/\/zidovskaskolalevice.sk\/wp-content\/uploads\/2023\/03\/cropped-logo_spravne-2.jpg","width":680,"height":237,"caption":"Projekt na obnovu n\u00e1rodnej kult\u00farnej pamiatky \u017didovsk\u00e1 \u0161kola Levice"},"image":{"@id":"https:\/\/zidovskaskolalevice.sk\/#\/schema\/logo\/image\/"}}]}},"_links":{"self":[{"href":"https:\/\/zidovskaskolalevice.sk\/index.php?rest_route=\/wp\/v2\/pages\/153","targetHints":{"allow":["GET"]}}],"collection":[{"href":"https:\/\/zidovskaskolalevice.sk\/index.php?rest_route=\/wp\/v2\/pages"}],"about":[{"href":"https:\/\/zidovskaskolalevice.sk\/index.php?rest_route=\/wp\/v2\/types\/page"}],"author":[{"embeddable":true,"href":"https:\/\/zidovskaskolalevice.sk\/index.php?rest_route=\/wp\/v2\/users\/1"}],"replies":[{"embeddable":true,"href":"https:\/\/zidovskaskolalevice.sk\/index.php?rest_route=%2Fwp%2Fv2%2Fcomments&post=153"}],"version-history":[{"count":6,"href":"https:\/\/zidovskaskolalevice.sk\/index.php?rest_route=\/wp\/v2\/pages\/153\/revisions"}],"predecessor-version":[{"id":681,"href":"https:\/\/zidovskaskolalevice.sk\/index.php?rest_route=\/wp\/v2\/pages\/153\/revisions\/681"}],"wp:attachment":[{"href":"https:\/\/zidovskaskolalevice.sk\/index.php?rest_route=%2Fwp%2Fv2%2Fmedia&parent=153"}],"curies":[{"name":"wp","href":"https:\/\/api.w.org\/{rel}","templated":true}]}}