{"id":2291,"date":"2024-06-25T08:47:25","date_gmt":"2024-06-25T06:47:25","guid":{"rendered":"https:\/\/zidovskaskolalevice.sk\/?page_id=2291"},"modified":"2024-06-25T08:48:49","modified_gmt":"2024-06-25T06:48:49","slug":"den-otvorenych-dveri","status":"publish","type":"page","link":"https:\/\/zidovskaskolalevice.sk\/?page_id=2291","title":{"rendered":"De\u0148 otvoren\u00fdch dver\u00ed"},"content":{"rendered":"\t\t<div data-elementor-type=\"wp-page\" data-elementor-id=\"2291\" class=\"elementor elementor-2291\">\n\t\t\t\t\t\t<section class=\"elementor-section elementor-top-section elementor-element elementor-element-9faaa55 elementor-section-boxed elementor-section-height-default elementor-section-height-default\" data-id=\"9faaa55\" data-element_type=\"section\" data-e-type=\"section\">\n\t\t\t\t\t\t<div class=\"elementor-container elementor-column-gap-default\">\n\t\t\t\t\t<div class=\"elementor-column elementor-col-50 elementor-top-column elementor-element elementor-element-207b2fe\" data-id=\"207b2fe\" data-element_type=\"column\" data-e-type=\"column\">\n\t\t\t<div class=\"elementor-widget-wrap elementor-element-populated\">\n\t\t\t\t\t\t<div class=\"elementor-element elementor-element-6f4ec71 elementor-widget elementor-widget-image\" data-id=\"6f4ec71\" data-element_type=\"widget\" data-e-type=\"widget\" data-widget_type=\"image.default\">\n\t\t\t\t<div class=\"elementor-widget-container\">\n\t\t\t\t\t\t\t\t\t\t\t\t\t\t\t<img fetchpriority=\"high\" decoding=\"async\" width=\"724\" height=\"1024\" src=\"https:\/\/zidovskaskolalevice.sk\/wp-content\/uploads\/2024\/05\/DOD-724x1024.jpg\" class=\"attachment-large size-large wp-image-2058\" alt=\"\" srcset=\"https:\/\/zidovskaskolalevice.sk\/wp-content\/uploads\/2024\/05\/DOD-724x1024.jpg 724w, https:\/\/zidovskaskolalevice.sk\/wp-content\/uploads\/2024\/05\/DOD-212x300.jpg 212w, https:\/\/zidovskaskolalevice.sk\/wp-content\/uploads\/2024\/05\/DOD-768x1086.jpg 768w, https:\/\/zidovskaskolalevice.sk\/wp-content\/uploads\/2024\/05\/DOD-1086x1536.jpg 1086w, https:\/\/zidovskaskolalevice.sk\/wp-content\/uploads\/2024\/05\/DOD.jpg 1200w\" sizes=\"(max-width: 724px) 100vw, 724px\" \/>\t\t\t\t\t\t\t\t\t\t\t\t\t\t\t<\/div>\n\t\t\t\t<\/div>\n\t\t\t\t\t<\/div>\n\t\t<\/div>\n\t\t\t\t<div class=\"elementor-column elementor-col-50 elementor-top-column elementor-element elementor-element-0aa7e12\" data-id=\"0aa7e12\" data-element_type=\"column\" data-e-type=\"column\">\n\t\t\t<div class=\"elementor-widget-wrap elementor-element-populated\">\n\t\t\t\t\t\t<div class=\"elementor-element elementor-element-3b78980 elementor-widget elementor-widget-text-editor\" data-id=\"3b78980\" data-element_type=\"widget\" data-e-type=\"widget\" data-widget_type=\"text-editor.default\">\n\t\t\t\t<div class=\"elementor-widget-container\">\n\t\t\t\t\t\t\t\t\t<p>De\u0148 otvoren\u00fdch dver\u00ed v\u00a0Centre tolerancie \u2013 b\u00fdvalej \u017eidovskej \u0161kole<\/p><p>D\u0148a 24.apr\u00edla 2024 sme ofici\u00e1lne otvorili br\u00e1ny b\u00fdvalej \u017eidovskej \u0161koly, dnes Centra tolerancie, pre \u0161irok\u00fa verejnos\u0165. Po rokoch, ke\u010f budova ch\u00e1trala, bola zatvoren\u00e1, sa kone\u010dne mohla uk\u00e1za\u0165 v\u00a0plnej kr\u00e1se. Funkcionalistick\u00e1 stavba z\u00a030.rokov 20. storo\u010dia o\u017eila v\u010faka\u00a0 \u00a0grantu z programu Kult\u00fara, ktor\u00fd spravuje\u00a0<strong>Ministerstvo invest\u00edci\u00ed, region\u00e1lneho rozvoja a informatiz\u00e1cie SR<\/strong>.\u00a0Mestsk\u00e9 kult\u00farne stredisko Levice\u00a0ch\u00e1traj\u00facu budovu zmenilo na stredisko kult\u00fary a vzdel\u00e1vania. Na projekte \u201eObnova n\u00e1rodnej kult\u00farnej pamiatky \u2013 \u017eidovsk\u00e1 \u0161kola Levice\u201c sa finan\u010dne podie\u013ealo aj mesto Levice. N\u00e1v\u0161tevn\u00edci, ktor\u00fdch napriek nepriazniv\u00e9mu po\u010dasiu pri\u0161lo takmer 200, si tak mohli prejs\u0165 priestory, kde sa bud\u00fa kona\u0165, vlastne u\u017e aj konaj\u00fa, zauj\u00edmav\u00e9 workshopy, predn\u00e1\u0161kov\u00fa miestnos\u0165, gal\u00e9riu \u010di st\u00e1lu expoz\u00edciu \u017dili sme tu spolu. Zaujali aj priestory novej kaviarni\u010dky, ktor\u00e1 bude otvoren\u00e1 v\u017edy po\u010das kult\u00farnych podujat\u00ed. Komentovan\u00e1 prehliadka sa te\u0161ila ve\u013ek\u00e9mu z\u00e1ujmu. B\u00fdval\u00ed \u017eiaci, ktor\u00ed si pam\u00e4taj\u00fa \u0161kolsk\u00e9 roky str\u00e1ven\u00e9 v\u00a0triedach, ktor\u00e9 boli zmenen\u00e9 na nepoznanie, mlad\u00ed \u013eudia, zvedav\u00ed, ako budova vyzer\u00e1 z\u00a0vn\u00fatra. Ka\u017ed\u00e9ho zauj\u00edmalo, ak\u00e9 aktivity sa chystaj\u00fa a\u00a0\u010do im nov\u00e9 priestory pon\u00faknu. Ver\u00edme, \u017ee tak ako je moment\u00e1lne ve\u013ek\u00fd z\u00e1ujem a\u00a0prich\u00e1dzaj\u00fa n\u00e1v\u0161tevn\u00edci, z\u00e1ujem neut\u00edchne a\u00a0Mestsk\u00e9 kult\u00farne stredisko bude pripravova\u0165 zauj\u00edmav\u00e9, kreat\u00edvne aktivity \u010di podujatia nielen pre Levi\u010danov, ale aj pre n\u00e1v\u0161tevn\u00edkov n\u00e1\u0161ho mesta.<\/p><p>V\u00a0tento ist\u00fd de\u0148 ilustr\u00e1torka Hedviga M. Gutierrez viedla v\u00fdtvarn\u00fd workshop pre deti z\u00e1kladn\u00fdch \u0161k\u00f4l, ktor\u00e9ho t\u00e9mou bola diskrimin\u00e1cia. Deti pracovali s\u00a0kni\u017ekou ,,Ako sa m\u00e1\u0161, Izabela?\u201c spisovate\u013eky Diany Ma\u0161lejovej, ktor\u00e1 v\u00a0pr\u00edbehu r\u00f3mskeho diev\u010datka Izabely rozprac\u00fava \u017eivot so stigmou n\u00e1rodnostnej men\u0161iny.<\/p>\t\t\t\t\t\t\t\t<\/div>\n\t\t\t\t<\/div>\n\t\t\t\t\t<\/div>\n\t\t<\/div>\n\t\t\t\t\t<\/div>\n\t\t<\/section>\n\t\t\t\t<section class=\"elementor-section elementor-top-section elementor-element elementor-element-f7ef759 elementor-section-boxed elementor-section-height-default elementor-section-height-default\" data-id=\"f7ef759\" data-element_type=\"section\" data-e-type=\"section\">\n\t\t\t\t\t\t<div class=\"elementor-container elementor-column-gap-default\">\n\t\t\t\t\t<div class=\"elementor-column elementor-col-100 elementor-top-column elementor-element elementor-element-c95ff1f\" data-id=\"c95ff1f\" data-element_type=\"column\" data-e-type=\"column\">\n\t\t\t<div class=\"elementor-widget-wrap elementor-element-populated\">\n\t\t\t\t\t\t<div class=\"elementor-element elementor-element-68ae799 gallery-spacing-custom elementor-widget elementor-widget-image-gallery\" data-id=\"68ae799\" data-element_type=\"widget\" data-e-type=\"widget\" data-widget_type=\"image-gallery.default\">\n\t\t\t\t<div class=\"elementor-widget-container\">\n\t\t\t\t\t\t\t<div class=\"elementor-image-gallery\">\n\t\t\t<div id='gallery-1' class='gallery galleryid-2291 gallery-columns-5 gallery-size-thumbnail'><figure class='gallery-item'>\n\t\t\t<div class='gallery-icon portrait'>\n\t\t\t\t<a data-elementor-open-lightbox=\"yes\" data-elementor-lightbox-slideshow=\"68ae799\" data-elementor-lightbox-title=\"20240423_135204\" data-e-action-hash=\"#elementor-action%3Aaction%3Dlightbox%26settings%3DeyJpZCI6MjI5NSwidXJsIjoiaHR0cHM6XC9cL3ppZG92c2thc2tvbGFsZXZpY2Uuc2tcL3dwLWNvbnRlbnRcL3VwbG9hZHNcLzIwMjRcLzA2XC8yMDI0MDQyM18xMzUyMDQuanBnIiwic2xpZGVzaG93IjoiNjhhZTc5OSJ9\" href='https:\/\/zidovskaskolalevice.sk\/wp-content\/uploads\/2024\/06\/20240423_135204.jpg'><img decoding=\"async\" width=\"150\" height=\"150\" src=\"https:\/\/zidovskaskolalevice.sk\/wp-content\/uploads\/2024\/06\/20240423_135204-150x150.jpg\" class=\"attachment-thumbnail size-thumbnail\" alt=\"\" \/><\/a>\n\t\t\t<\/div><\/figure><figure class='gallery-item'>\n\t\t\t<div class='gallery-icon landscape'>\n\t\t\t\t<a data-elementor-open-lightbox=\"yes\" data-elementor-lightbox-slideshow=\"68ae799\" data-elementor-lightbox-title=\"20240424_103906\" data-e-action-hash=\"#elementor-action%3Aaction%3Dlightbox%26settings%3DeyJpZCI6MjI5NiwidXJsIjoiaHR0cHM6XC9cL3ppZG92c2thc2tvbGFsZXZpY2Uuc2tcL3dwLWNvbnRlbnRcL3VwbG9hZHNcLzIwMjRcLzA2XC8yMDI0MDQyNF8xMDM5MDYuanBnIiwic2xpZGVzaG93IjoiNjhhZTc5OSJ9\" href='https:\/\/zidovskaskolalevice.sk\/wp-content\/uploads\/2024\/06\/20240424_103906.jpg'><img decoding=\"async\" width=\"150\" height=\"150\" src=\"https:\/\/zidovskaskolalevice.sk\/wp-content\/uploads\/2024\/06\/20240424_103906-150x150.jpg\" class=\"attachment-thumbnail size-thumbnail\" alt=\"\" \/><\/a>\n\t\t\t<\/div><\/figure><figure class='gallery-item'>\n\t\t\t<div class='gallery-icon landscape'>\n\t\t\t\t<a data-elementor-open-lightbox=\"yes\" data-elementor-lightbox-slideshow=\"68ae799\" data-elementor-lightbox-title=\"20240424_115301\" data-e-action-hash=\"#elementor-action%3Aaction%3Dlightbox%26settings%3DeyJpZCI6MjI5NywidXJsIjoiaHR0cHM6XC9cL3ppZG92c2thc2tvbGFsZXZpY2Uuc2tcL3dwLWNvbnRlbnRcL3VwbG9hZHNcLzIwMjRcLzA2XC8yMDI0MDQyNF8xMTUzMDEuanBnIiwic2xpZGVzaG93IjoiNjhhZTc5OSJ9\" href='https:\/\/zidovskaskolalevice.sk\/wp-content\/uploads\/2024\/06\/20240424_115301.jpg'><img loading=\"lazy\" decoding=\"async\" width=\"150\" height=\"150\" src=\"https:\/\/zidovskaskolalevice.sk\/wp-content\/uploads\/2024\/06\/20240424_115301-150x150.jpg\" class=\"attachment-thumbnail size-thumbnail\" alt=\"\" \/><\/a>\n\t\t\t<\/div><\/figure><figure class='gallery-item'>\n\t\t\t<div class='gallery-icon portrait'>\n\t\t\t\t<a data-elementor-open-lightbox=\"yes\" data-elementor-lightbox-slideshow=\"68ae799\" data-elementor-lightbox-title=\"20240424_123443\" data-e-action-hash=\"#elementor-action%3Aaction%3Dlightbox%26settings%3DeyJpZCI6MjI5OCwidXJsIjoiaHR0cHM6XC9cL3ppZG92c2thc2tvbGFsZXZpY2Uuc2tcL3dwLWNvbnRlbnRcL3VwbG9hZHNcLzIwMjRcLzA2XC8yMDI0MDQyNF8xMjM0NDMuanBnIiwic2xpZGVzaG93IjoiNjhhZTc5OSJ9\" href='https:\/\/zidovskaskolalevice.sk\/wp-content\/uploads\/2024\/06\/20240424_123443.jpg'><img loading=\"lazy\" decoding=\"async\" width=\"150\" height=\"150\" src=\"https:\/\/zidovskaskolalevice.sk\/wp-content\/uploads\/2024\/06\/20240424_123443-150x150.jpg\" class=\"attachment-thumbnail size-thumbnail\" alt=\"\" \/><\/a>\n\t\t\t<\/div><\/figure><figure class='gallery-item'>\n\t\t\t<div class='gallery-icon landscape'>\n\t\t\t\t<a data-elementor-open-lightbox=\"yes\" data-elementor-lightbox-slideshow=\"68ae799\" data-elementor-lightbox-title=\"20240424_124519\" data-e-action-hash=\"#elementor-action%3Aaction%3Dlightbox%26settings%3DeyJpZCI6MjI5OSwidXJsIjoiaHR0cHM6XC9cL3ppZG92c2thc2tvbGFsZXZpY2Uuc2tcL3dwLWNvbnRlbnRcL3VwbG9hZHNcLzIwMjRcLzA2XC8yMDI0MDQyNF8xMjQ1MTkuanBnIiwic2xpZGVzaG93IjoiNjhhZTc5OSJ9\" href='https:\/\/zidovskaskolalevice.sk\/wp-content\/uploads\/2024\/06\/20240424_124519.jpg'><img loading=\"lazy\" decoding=\"async\" width=\"150\" height=\"150\" src=\"https:\/\/zidovskaskolalevice.sk\/wp-content\/uploads\/2024\/06\/20240424_124519-150x150.jpg\" class=\"attachment-thumbnail size-thumbnail\" alt=\"\" \/><\/a>\n\t\t\t<\/div><\/figure><figure class='gallery-item'>\n\t\t\t<div class='gallery-icon landscape'>\n\t\t\t\t<a data-elementor-open-lightbox=\"yes\" data-elementor-lightbox-slideshow=\"68ae799\" data-elementor-lightbox-title=\"20240424_124524\" data-e-action-hash=\"#elementor-action%3Aaction%3Dlightbox%26settings%3DeyJpZCI6MjMwMCwidXJsIjoiaHR0cHM6XC9cL3ppZG92c2thc2tvbGFsZXZpY2Uuc2tcL3dwLWNvbnRlbnRcL3VwbG9hZHNcLzIwMjRcLzA2XC8yMDI0MDQyNF8xMjQ1MjQuanBnIiwic2xpZGVzaG93IjoiNjhhZTc5OSJ9\" href='https:\/\/zidovskaskolalevice.sk\/wp-content\/uploads\/2024\/06\/20240424_124524.jpg'><img loading=\"lazy\" decoding=\"async\" width=\"150\" height=\"150\" src=\"https:\/\/zidovskaskolalevice.sk\/wp-content\/uploads\/2024\/06\/20240424_124524-150x150.jpg\" class=\"attachment-thumbnail size-thumbnail\" alt=\"\" \/><\/a>\n\t\t\t<\/div><\/figure><figure class='gallery-item'>\n\t\t\t<div class='gallery-icon landscape'>\n\t\t\t\t<a data-elementor-open-lightbox=\"yes\" data-elementor-lightbox-slideshow=\"68ae799\" data-elementor-lightbox-title=\"20240424_124526\" data-e-action-hash=\"#elementor-action%3Aaction%3Dlightbox%26settings%3DeyJpZCI6MjMwMSwidXJsIjoiaHR0cHM6XC9cL3ppZG92c2thc2tvbGFsZXZpY2Uuc2tcL3dwLWNvbnRlbnRcL3VwbG9hZHNcLzIwMjRcLzA2XC8yMDI0MDQyNF8xMjQ1MjYuanBnIiwic2xpZGVzaG93IjoiNjhhZTc5OSJ9\" href='https:\/\/zidovskaskolalevice.sk\/wp-content\/uploads\/2024\/06\/20240424_124526.jpg'><img loading=\"lazy\" decoding=\"async\" width=\"150\" height=\"150\" src=\"https:\/\/zidovskaskolalevice.sk\/wp-content\/uploads\/2024\/06\/20240424_124526-150x150.jpg\" class=\"attachment-thumbnail size-thumbnail\" alt=\"\" \/><\/a>\n\t\t\t<\/div><\/figure><figure class='gallery-item'>\n\t\t\t<div class='gallery-icon landscape'>\n\t\t\t\t<a data-elementor-open-lightbox=\"yes\" data-elementor-lightbox-slideshow=\"68ae799\" data-elementor-lightbox-title=\"20240424_124635\" data-e-action-hash=\"#elementor-action%3Aaction%3Dlightbox%26settings%3DeyJpZCI6MjMwMiwidXJsIjoiaHR0cHM6XC9cL3ppZG92c2thc2tvbGFsZXZpY2Uuc2tcL3dwLWNvbnRlbnRcL3VwbG9hZHNcLzIwMjRcLzA2XC8yMDI0MDQyNF8xMjQ2MzUuanBnIiwic2xpZGVzaG93IjoiNjhhZTc5OSJ9\" href='https:\/\/zidovskaskolalevice.sk\/wp-content\/uploads\/2024\/06\/20240424_124635.jpg'><img loading=\"lazy\" decoding=\"async\" width=\"150\" height=\"150\" src=\"https:\/\/zidovskaskolalevice.sk\/wp-content\/uploads\/2024\/06\/20240424_124635-150x150.jpg\" class=\"attachment-thumbnail size-thumbnail\" alt=\"\" \/><\/a>\n\t\t\t<\/div><\/figure><figure class='gallery-item'>\n\t\t\t<div class='gallery-icon portrait'>\n\t\t\t\t<a data-elementor-open-lightbox=\"yes\" data-elementor-lightbox-slideshow=\"68ae799\" data-elementor-lightbox-title=\"20240424_132017\" data-e-action-hash=\"#elementor-action%3Aaction%3Dlightbox%26settings%3DeyJpZCI6MjMwMywidXJsIjoiaHR0cHM6XC9cL3ppZG92c2thc2tvbGFsZXZpY2Uuc2tcL3dwLWNvbnRlbnRcL3VwbG9hZHNcLzIwMjRcLzA2XC8yMDI0MDQyNF8xMzIwMTcuanBnIiwic2xpZGVzaG93IjoiNjhhZTc5OSJ9\" href='https:\/\/zidovskaskolalevice.sk\/wp-content\/uploads\/2024\/06\/20240424_132017.jpg'><img loading=\"lazy\" decoding=\"async\" width=\"150\" height=\"150\" src=\"https:\/\/zidovskaskolalevice.sk\/wp-content\/uploads\/2024\/06\/20240424_132017-150x150.jpg\" class=\"attachment-thumbnail size-thumbnail\" alt=\"\" \/><\/a>\n\t\t\t<\/div><\/figure><figure class='gallery-item'>\n\t\t\t<div class='gallery-icon landscape'>\n\t\t\t\t<a data-elementor-open-lightbox=\"yes\" data-elementor-lightbox-slideshow=\"68ae799\" data-elementor-lightbox-title=\"20240424_144504\" data-e-action-hash=\"#elementor-action%3Aaction%3Dlightbox%26settings%3DeyJpZCI6MjMwNCwidXJsIjoiaHR0cHM6XC9cL3ppZG92c2thc2tvbGFsZXZpY2Uuc2tcL3dwLWNvbnRlbnRcL3VwbG9hZHNcLzIwMjRcLzA2XC8yMDI0MDQyNF8xNDQ1MDQuanBnIiwic2xpZGVzaG93IjoiNjhhZTc5OSJ9\" href='https:\/\/zidovskaskolalevice.sk\/wp-content\/uploads\/2024\/06\/20240424_144504.jpg'><img loading=\"lazy\" decoding=\"async\" width=\"150\" height=\"150\" src=\"https:\/\/zidovskaskolalevice.sk\/wp-content\/uploads\/2024\/06\/20240424_144504-150x150.jpg\" class=\"attachment-thumbnail size-thumbnail\" alt=\"\" \/><\/a>\n\t\t\t<\/div><\/figure>\n\t\t<\/div>\n\t\t<\/div>\n\t\t\t\t\t\t<\/div>\n\t\t\t\t<\/div>\n\t\t\t\t\t<\/div>\n\t\t<\/div>\n\t\t\t\t\t<\/div>\n\t\t<\/section>\n\t\t\t\t<\/div>\n\t\t","protected":false},"excerpt":{"rendered":"<p>De\u0148 otvoren\u00fdch dver\u00ed v\u00a0Centre tolerancie \u2013 b\u00fdvalej \u017eidovskej \u0161kole D\u0148a 24.apr\u00edla 2024 sme ofici\u00e1lne otvorili br\u00e1ny b\u00fdvalej \u017eidovskej \u0161koly, dnes Centra tolerancie, pre \u0161irok\u00fa verejnos\u0165. Po rokoch, ke\u010f budova ch\u00e1trala, bola zatvoren\u00e1, sa kone\u010dne mohla uk\u00e1za\u0165 v\u00a0plnej kr\u00e1se. Funkcionalistick\u00e1 stavba z\u00a030.rokov 20. storo\u010dia o\u017eila v\u010faka\u00a0 \u00a0grantu z programu Kult\u00fara, ktor\u00fd spravuje\u00a0Ministerstvo invest\u00edci\u00ed, region\u00e1lneho rozvoja a <a class=\"read-more\" href=\"https:\/\/zidovskaskolalevice.sk\/?page_id=2291\">Read More<\/a><\/p>\n","protected":false},"author":1,"featured_media":0,"parent":0,"menu_order":0,"comment_status":"closed","ping_status":"closed","template":"","meta":{"om_disable_all_campaigns":false,"_monsterinsights_skip_tracking":false,"_monsterinsights_sitenote_active":false,"_monsterinsights_sitenote_note":"","_monsterinsights_sitenote_category":0,"_uf_show_specific_survey":0,"_uf_disable_surveys":false,"ngg_post_thumbnail":0,"footnotes":""},"class_list":["post-2291","page","type-page","status-publish","hentry"],"yoast_head":"<!-- This site is optimized with the Yoast SEO plugin v27.5 - https:\/\/yoast.com\/product\/yoast-seo-wordpress\/ -->\n<title>De\u0148 otvoren\u00fdch dver\u00ed - Projekt na obnovu n\u00e1rodnej kult\u00farnej pamiatky \u017didovsk\u00e1 \u0161kola Levice<\/title>\n<meta name=\"robots\" content=\"index, follow, max-snippet:-1, max-image-preview:large, max-video-preview:-1\" \/>\n<link rel=\"canonical\" href=\"https:\/\/zidovskaskolalevice.sk\/?page_id=2291\" \/>\n<meta property=\"og:locale\" content=\"sk_SK\" \/>\n<meta property=\"og:type\" content=\"article\" \/>\n<meta property=\"og:title\" content=\"De\u0148 otvoren\u00fdch dver\u00ed - Projekt na obnovu n\u00e1rodnej kult\u00farnej pamiatky \u017didovsk\u00e1 \u0161kola Levice\" \/>\n<meta property=\"og:description\" content=\"De\u0148 otvoren\u00fdch dver\u00ed v\u00a0Centre tolerancie \u2013 b\u00fdvalej \u017eidovskej \u0161kole D\u0148a 24.apr\u00edla 2024 sme ofici\u00e1lne otvorili br\u00e1ny b\u00fdvalej \u017eidovskej \u0161koly, dnes Centra tolerancie, pre \u0161irok\u00fa verejnos\u0165. Po rokoch, ke\u010f budova ch\u00e1trala, bola zatvoren\u00e1, sa kone\u010dne mohla uk\u00e1za\u0165 v\u00a0plnej kr\u00e1se. Funkcionalistick\u00e1 stavba z\u00a030.rokov 20. storo\u010dia o\u017eila v\u010faka\u00a0 \u00a0grantu z programu Kult\u00fara, ktor\u00fd spravuje\u00a0Ministerstvo invest\u00edci\u00ed, region\u00e1lneho rozvoja a Read More\" \/>\n<meta property=\"og:url\" content=\"https:\/\/zidovskaskolalevice.sk\/?page_id=2291\" \/>\n<meta property=\"og:site_name\" content=\"Projekt na obnovu n\u00e1rodnej kult\u00farnej pamiatky \u017didovsk\u00e1 \u0161kola Levice\" \/>\n<meta property=\"article:modified_time\" content=\"2024-06-25T06:48:49+00:00\" \/>\n<meta property=\"og:image\" content=\"http:\/\/zidovskaskolalevice.sk\/wp-content\/uploads\/2024\/05\/DOD-724x1024.jpg\" \/>\n<meta name=\"twitter:card\" content=\"summary_large_image\" \/>\n<meta name=\"twitter:label1\" content=\"Predpokladan\u00fd \u010das \u010d\u00edtania\" \/>\n\t<meta name=\"twitter:data1\" content=\"4 min\u00faty\" \/>\n<script type=\"application\/ld+json\" class=\"yoast-schema-graph\">{\"@context\":\"https:\\\/\\\/schema.org\",\"@graph\":[{\"@type\":\"WebPage\",\"@id\":\"https:\\\/\\\/zidovskaskolalevice.sk\\\/?page_id=2291\",\"url\":\"https:\\\/\\\/zidovskaskolalevice.sk\\\/?page_id=2291\",\"name\":\"De\u0148 otvoren\u00fdch dver\u00ed - Projekt na obnovu n\u00e1rodnej kult\u00farnej pamiatky \u017didovsk\u00e1 \u0161kola Levice\",\"isPartOf\":{\"@id\":\"https:\\\/\\\/zidovskaskolalevice.sk\\\/#website\"},\"primaryImageOfPage\":{\"@id\":\"https:\\\/\\\/zidovskaskolalevice.sk\\\/?page_id=2291#primaryimage\"},\"image\":{\"@id\":\"https:\\\/\\\/zidovskaskolalevice.sk\\\/?page_id=2291#primaryimage\"},\"thumbnailUrl\":\"http:\\\/\\\/zidovskaskolalevice.sk\\\/wp-content\\\/uploads\\\/2024\\\/05\\\/DOD-724x1024.jpg\",\"datePublished\":\"2024-06-25T06:47:25+00:00\",\"dateModified\":\"2024-06-25T06:48:49+00:00\",\"breadcrumb\":{\"@id\":\"https:\\\/\\\/zidovskaskolalevice.sk\\\/?page_id=2291#breadcrumb\"},\"inLanguage\":\"sk-SK\",\"potentialAction\":[{\"@type\":\"ReadAction\",\"target\":[\"https:\\\/\\\/zidovskaskolalevice.sk\\\/?page_id=2291\"]}]},{\"@type\":\"ImageObject\",\"inLanguage\":\"sk-SK\",\"@id\":\"https:\\\/\\\/zidovskaskolalevice.sk\\\/?page_id=2291#primaryimage\",\"url\":\"http:\\\/\\\/zidovskaskolalevice.sk\\\/wp-content\\\/uploads\\\/2024\\\/05\\\/DOD-724x1024.jpg\",\"contentUrl\":\"http:\\\/\\\/zidovskaskolalevice.sk\\\/wp-content\\\/uploads\\\/2024\\\/05\\\/DOD-724x1024.jpg\"},{\"@type\":\"BreadcrumbList\",\"@id\":\"https:\\\/\\\/zidovskaskolalevice.sk\\\/?page_id=2291#breadcrumb\",\"itemListElement\":[{\"@type\":\"ListItem\",\"position\":1,\"name\":\"Home\",\"item\":\"https:\\\/\\\/zidovskaskolalevice.sk\\\/\"},{\"@type\":\"ListItem\",\"position\":2,\"name\":\"De\u0148 otvoren\u00fdch dver\u00ed\"}]},{\"@type\":\"WebSite\",\"@id\":\"https:\\\/\\\/zidovskaskolalevice.sk\\\/#website\",\"url\":\"https:\\\/\\\/zidovskaskolalevice.sk\\\/\",\"name\":\"Projekt na obnovu n\u00e1rodnej kult\u00farnej pamiatky \u017didovsk\u00e1 \u0161kola Levice\",\"description\":\"Projekt na obnovu n\u00e1rodnej kult\u00farnej pamiatky \u017didovsk\u00e1 \u0161kola Levice\",\"publisher\":{\"@id\":\"https:\\\/\\\/zidovskaskolalevice.sk\\\/#organization\"},\"potentialAction\":[{\"@type\":\"SearchAction\",\"target\":{\"@type\":\"EntryPoint\",\"urlTemplate\":\"https:\\\/\\\/zidovskaskolalevice.sk\\\/?s={search_term_string}\"},\"query-input\":{\"@type\":\"PropertyValueSpecification\",\"valueRequired\":true,\"valueName\":\"search_term_string\"}}],\"inLanguage\":\"sk-SK\"},{\"@type\":\"Organization\",\"@id\":\"https:\\\/\\\/zidovskaskolalevice.sk\\\/#organization\",\"name\":\"Projekt na obnovu n\u00e1rodnej kult\u00farnej pamiatky \u017didovsk\u00e1 \u0161kola Levice\",\"url\":\"https:\\\/\\\/zidovskaskolalevice.sk\\\/\",\"logo\":{\"@type\":\"ImageObject\",\"inLanguage\":\"sk-SK\",\"@id\":\"https:\\\/\\\/zidovskaskolalevice.sk\\\/#\\\/schema\\\/logo\\\/image\\\/\",\"url\":\"https:\\\/\\\/zidovskaskolalevice.sk\\\/wp-content\\\/uploads\\\/2023\\\/03\\\/cropped-logo_spravne-2.jpg\",\"contentUrl\":\"https:\\\/\\\/zidovskaskolalevice.sk\\\/wp-content\\\/uploads\\\/2023\\\/03\\\/cropped-logo_spravne-2.jpg\",\"width\":680,\"height\":237,\"caption\":\"Projekt na obnovu n\u00e1rodnej kult\u00farnej pamiatky \u017didovsk\u00e1 \u0161kola Levice\"},\"image\":{\"@id\":\"https:\\\/\\\/zidovskaskolalevice.sk\\\/#\\\/schema\\\/logo\\\/image\\\/\"}}]}<\/script>\n<!-- \/ Yoast SEO plugin. -->","yoast_head_json":{"title":"De\u0148 otvoren\u00fdch dver\u00ed - Projekt na obnovu n\u00e1rodnej kult\u00farnej pamiatky \u017didovsk\u00e1 \u0161kola Levice","robots":{"index":"index","follow":"follow","max-snippet":"max-snippet:-1","max-image-preview":"max-image-preview:large","max-video-preview":"max-video-preview:-1"},"canonical":"https:\/\/zidovskaskolalevice.sk\/?page_id=2291","og_locale":"sk_SK","og_type":"article","og_title":"De\u0148 otvoren\u00fdch dver\u00ed - Projekt na obnovu n\u00e1rodnej kult\u00farnej pamiatky \u017didovsk\u00e1 \u0161kola Levice","og_description":"De\u0148 otvoren\u00fdch dver\u00ed v\u00a0Centre tolerancie \u2013 b\u00fdvalej \u017eidovskej \u0161kole D\u0148a 24.apr\u00edla 2024 sme ofici\u00e1lne otvorili br\u00e1ny b\u00fdvalej \u017eidovskej \u0161koly, dnes Centra tolerancie, pre \u0161irok\u00fa verejnos\u0165. Po rokoch, ke\u010f budova ch\u00e1trala, bola zatvoren\u00e1, sa kone\u010dne mohla uk\u00e1za\u0165 v\u00a0plnej kr\u00e1se. Funkcionalistick\u00e1 stavba z\u00a030.rokov 20. storo\u010dia o\u017eila v\u010faka\u00a0 \u00a0grantu z programu Kult\u00fara, ktor\u00fd spravuje\u00a0Ministerstvo invest\u00edci\u00ed, region\u00e1lneho rozvoja a Read More","og_url":"https:\/\/zidovskaskolalevice.sk\/?page_id=2291","og_site_name":"Projekt na obnovu n\u00e1rodnej kult\u00farnej pamiatky \u017didovsk\u00e1 \u0161kola Levice","article_modified_time":"2024-06-25T06:48:49+00:00","og_image":[{"url":"http:\/\/zidovskaskolalevice.sk\/wp-content\/uploads\/2024\/05\/DOD-724x1024.jpg","type":"","width":"","height":""}],"twitter_card":"summary_large_image","twitter_misc":{"Predpokladan\u00fd \u010das \u010d\u00edtania":"4 min\u00faty"},"schema":{"@context":"https:\/\/schema.org","@graph":[{"@type":"WebPage","@id":"https:\/\/zidovskaskolalevice.sk\/?page_id=2291","url":"https:\/\/zidovskaskolalevice.sk\/?page_id=2291","name":"De\u0148 otvoren\u00fdch dver\u00ed - Projekt na obnovu n\u00e1rodnej kult\u00farnej pamiatky \u017didovsk\u00e1 \u0161kola Levice","isPartOf":{"@id":"https:\/\/zidovskaskolalevice.sk\/#website"},"primaryImageOfPage":{"@id":"https:\/\/zidovskaskolalevice.sk\/?page_id=2291#primaryimage"},"image":{"@id":"https:\/\/zidovskaskolalevice.sk\/?page_id=2291#primaryimage"},"thumbnailUrl":"http:\/\/zidovskaskolalevice.sk\/wp-content\/uploads\/2024\/05\/DOD-724x1024.jpg","datePublished":"2024-06-25T06:47:25+00:00","dateModified":"2024-06-25T06:48:49+00:00","breadcrumb":{"@id":"https:\/\/zidovskaskolalevice.sk\/?page_id=2291#breadcrumb"},"inLanguage":"sk-SK","potentialAction":[{"@type":"ReadAction","target":["https:\/\/zidovskaskolalevice.sk\/?page_id=2291"]}]},{"@type":"ImageObject","inLanguage":"sk-SK","@id":"https:\/\/zidovskaskolalevice.sk\/?page_id=2291#primaryimage","url":"http:\/\/zidovskaskolalevice.sk\/wp-content\/uploads\/2024\/05\/DOD-724x1024.jpg","contentUrl":"http:\/\/zidovskaskolalevice.sk\/wp-content\/uploads\/2024\/05\/DOD-724x1024.jpg"},{"@type":"BreadcrumbList","@id":"https:\/\/zidovskaskolalevice.sk\/?page_id=2291#breadcrumb","itemListElement":[{"@type":"ListItem","position":1,"name":"Home","item":"https:\/\/zidovskaskolalevice.sk\/"},{"@type":"ListItem","position":2,"name":"De\u0148 otvoren\u00fdch dver\u00ed"}]},{"@type":"WebSite","@id":"https:\/\/zidovskaskolalevice.sk\/#website","url":"https:\/\/zidovskaskolalevice.sk\/","name":"Projekt na obnovu n\u00e1rodnej kult\u00farnej pamiatky \u017didovsk\u00e1 \u0161kola Levice","description":"Projekt na obnovu n\u00e1rodnej kult\u00farnej pamiatky \u017didovsk\u00e1 \u0161kola Levice","publisher":{"@id":"https:\/\/zidovskaskolalevice.sk\/#organization"},"potentialAction":[{"@type":"SearchAction","target":{"@type":"EntryPoint","urlTemplate":"https:\/\/zidovskaskolalevice.sk\/?s={search_term_string}"},"query-input":{"@type":"PropertyValueSpecification","valueRequired":true,"valueName":"search_term_string"}}],"inLanguage":"sk-SK"},{"@type":"Organization","@id":"https:\/\/zidovskaskolalevice.sk\/#organization","name":"Projekt na obnovu n\u00e1rodnej kult\u00farnej pamiatky \u017didovsk\u00e1 \u0161kola Levice","url":"https:\/\/zidovskaskolalevice.sk\/","logo":{"@type":"ImageObject","inLanguage":"sk-SK","@id":"https:\/\/zidovskaskolalevice.sk\/#\/schema\/logo\/image\/","url":"https:\/\/zidovskaskolalevice.sk\/wp-content\/uploads\/2023\/03\/cropped-logo_spravne-2.jpg","contentUrl":"https:\/\/zidovskaskolalevice.sk\/wp-content\/uploads\/2023\/03\/cropped-logo_spravne-2.jpg","width":680,"height":237,"caption":"Projekt na obnovu n\u00e1rodnej kult\u00farnej pamiatky \u017didovsk\u00e1 \u0161kola Levice"},"image":{"@id":"https:\/\/zidovskaskolalevice.sk\/#\/schema\/logo\/image\/"}}]}},"_links":{"self":[{"href":"https:\/\/zidovskaskolalevice.sk\/index.php?rest_route=\/wp\/v2\/pages\/2291","targetHints":{"allow":["GET"]}}],"collection":[{"href":"https:\/\/zidovskaskolalevice.sk\/index.php?rest_route=\/wp\/v2\/pages"}],"about":[{"href":"https:\/\/zidovskaskolalevice.sk\/index.php?rest_route=\/wp\/v2\/types\/page"}],"author":[{"embeddable":true,"href":"https:\/\/zidovskaskolalevice.sk\/index.php?rest_route=\/wp\/v2\/users\/1"}],"replies":[{"embeddable":true,"href":"https:\/\/zidovskaskolalevice.sk\/index.php?rest_route=%2Fwp%2Fv2%2Fcomments&post=2291"}],"version-history":[{"count":6,"href":"https:\/\/zidovskaskolalevice.sk\/index.php?rest_route=\/wp\/v2\/pages\/2291\/revisions"}],"predecessor-version":[{"id":2762,"href":"https:\/\/zidovskaskolalevice.sk\/index.php?rest_route=\/wp\/v2\/pages\/2291\/revisions\/2762"}],"wp:attachment":[{"href":"https:\/\/zidovskaskolalevice.sk\/index.php?rest_route=%2Fwp%2Fv2%2Fmedia&parent=2291"}],"curies":[{"name":"wp","href":"https:\/\/api.w.org\/{rel}","templated":true}]}}