{"id":2582,"date":"2024-06-26T06:45:13","date_gmt":"2024-06-26T04:45:13","guid":{"rendered":"https:\/\/zidovskaskolalevice.sk\/?page_id=2582"},"modified":"2024-06-26T06:46:14","modified_gmt":"2024-06-26T04:46:14","slug":"visit-to-rtvs","status":"publish","type":"page","link":"https:\/\/zidovskaskolalevice.sk\/?page_id=2582&lang=en","title":{"rendered":"Visit to RTVS"},"content":{"rendered":"\t\t<div data-elementor-type=\"wp-page\" data-elementor-id=\"2582\" class=\"elementor elementor-2582\">\n\t\t\t\t\t\t<section class=\"elementor-section elementor-top-section elementor-element elementor-element-380e827 elementor-section-boxed elementor-section-height-default elementor-section-height-default\" data-id=\"380e827\" data-element_type=\"section\" data-e-type=\"section\">\n\t\t\t\t\t\t<div class=\"elementor-container elementor-column-gap-default\">\n\t\t\t\t\t<div class=\"elementor-column elementor-col-50 elementor-top-column elementor-element elementor-element-52c1006\" data-id=\"52c1006\" data-element_type=\"column\" data-e-type=\"column\">\n\t\t\t<div class=\"elementor-widget-wrap elementor-element-populated\">\n\t\t\t\t\t\t<div class=\"elementor-element elementor-element-a3a8509 elementor-widget elementor-widget-image\" data-id=\"a3a8509\" data-element_type=\"widget\" data-e-type=\"widget\" data-widget_type=\"image.default\">\n\t\t\t\t<div class=\"elementor-widget-container\">\n\t\t\t\t\t\t\t\t\t\t\t\t\t\t\t<img fetchpriority=\"high\" decoding=\"async\" width=\"720\" height=\"960\" src=\"https:\/\/zidovskaskolalevice.sk\/wp-content\/uploads\/2024\/06\/341876485_551866473765765_2284967938993643196_n.jpg\" class=\"attachment-large size-large wp-image-2435\" alt=\"\" srcset=\"https:\/\/zidovskaskolalevice.sk\/wp-content\/uploads\/2024\/06\/341876485_551866473765765_2284967938993643196_n.jpg 720w, https:\/\/zidovskaskolalevice.sk\/wp-content\/uploads\/2024\/06\/341876485_551866473765765_2284967938993643196_n-225x300.jpg 225w\" sizes=\"(max-width: 720px) 100vw, 720px\" \/>\t\t\t\t\t\t\t\t\t\t\t\t\t\t\t<\/div>\n\t\t\t\t<\/div>\n\t\t\t\t\t<\/div>\n\t\t<\/div>\n\t\t\t\t<div class=\"elementor-column elementor-col-50 elementor-top-column elementor-element elementor-element-1ce767a\" data-id=\"1ce767a\" data-element_type=\"column\" data-e-type=\"column\">\n\t\t\t<div class=\"elementor-widget-wrap elementor-element-populated\">\n\t\t\t\t\t\t<div class=\"elementor-element elementor-element-2d0a842 elementor-widget elementor-widget-text-editor\" data-id=\"2d0a842\" data-element_type=\"widget\" data-e-type=\"widget\" data-widget_type=\"text-editor.default\">\n\t\t\t\t<div class=\"elementor-widget-container\">\n\t\t\t\t\t\t\t\t\t<p>On April 19, 2023, we had a nice visit from the editors of RTVS. In addition to the history of the Jewish school, they were interested in the reconstruction, which is currently in full swing. We gratefully told them about our plans and goals in the coming months. We are glad that through public television, information about our project will reach the general public. Our effort is to reach out and attract visitors to Levice from all over Slovakia and present them with an architectural monument from the 1930s, which our city can be proud of and which thanks to EEA grants and a grant from the Culture program managed by the Ministry of Investments, Regional Development and informatization of the Slovak Republic will get a new chance and opportunity to create, work, and learn in beautiful spaces. The report will be broadcast in the journalistic program Regina &#8211; all the shades of the regions.<\/p>\t\t\t\t\t\t\t\t<\/div>\n\t\t\t\t<\/div>\n\t\t\t\t\t<\/div>\n\t\t<\/div>\n\t\t\t\t\t<\/div>\n\t\t<\/section>\n\t\t\t\t<section class=\"elementor-section elementor-top-section elementor-element elementor-element-516f13b elementor-section-boxed elementor-section-height-default elementor-section-height-default\" data-id=\"516f13b\" data-element_type=\"section\" data-e-type=\"section\">\n\t\t\t\t\t\t<div class=\"elementor-container elementor-column-gap-default\">\n\t\t\t\t\t<div class=\"elementor-column elementor-col-100 elementor-top-column elementor-element elementor-element-1b64943\" data-id=\"1b64943\" data-element_type=\"column\" data-e-type=\"column\">\n\t\t\t<div class=\"elementor-widget-wrap elementor-element-populated\">\n\t\t\t\t\t\t<div class=\"elementor-element elementor-element-8b56825 gallery-spacing-custom elementor-widget elementor-widget-image-gallery\" data-id=\"8b56825\" data-element_type=\"widget\" data-e-type=\"widget\" data-widget_type=\"image-gallery.default\">\n\t\t\t\t<div class=\"elementor-widget-container\">\n\t\t\t\t\t\t\t<div class=\"elementor-image-gallery\">\n\t\t\t<div id='gallery-1' class='gallery galleryid-2582 gallery-columns-5 gallery-size-thumbnail'><figure class='gallery-item'>\n\t\t\t<div class='gallery-icon portrait'>\n\t\t\t\t<a data-elementor-open-lightbox=\"yes\" data-elementor-lightbox-slideshow=\"8b56825\" data-elementor-lightbox-title=\"341674602_543027618009683_6256396287344016322_n\" data-e-action-hash=\"#elementor-action%3Aaction%3Dlightbox%26settings%3DeyJpZCI6MjQzNCwidXJsIjoiaHR0cHM6XC9cL3ppZG92c2thc2tvbGFsZXZpY2Uuc2tcL3dwLWNvbnRlbnRcL3VwbG9hZHNcLzIwMjRcLzA2XC8zNDE2NzQ2MDJfNTQzMDI3NjE4MDA5NjgzXzYyNTYzOTYyODczNDQwMTYzMjJfbi5qcGciLCJzbGlkZXNob3ciOiI4YjU2ODI1In0%3D\" href='https:\/\/zidovskaskolalevice.sk\/wp-content\/uploads\/2024\/06\/341674602_543027618009683_6256396287344016322_n.jpg'><img decoding=\"async\" width=\"150\" height=\"150\" src=\"https:\/\/zidovskaskolalevice.sk\/wp-content\/uploads\/2024\/06\/341674602_543027618009683_6256396287344016322_n-150x150.jpg\" class=\"attachment-thumbnail size-thumbnail\" alt=\"\" \/><\/a>\n\t\t\t<\/div><\/figure><figure class='gallery-item'>\n\t\t\t<div class='gallery-icon portrait'>\n\t\t\t\t<a data-elementor-open-lightbox=\"yes\" data-elementor-lightbox-slideshow=\"8b56825\" data-elementor-lightbox-title=\"341876485_551866473765765_2284967938993643196_n\" data-e-action-hash=\"#elementor-action%3Aaction%3Dlightbox%26settings%3DeyJpZCI6MjQzNSwidXJsIjoiaHR0cHM6XC9cL3ppZG92c2thc2tvbGFsZXZpY2Uuc2tcL3dwLWNvbnRlbnRcL3VwbG9hZHNcLzIwMjRcLzA2XC8zNDE4NzY0ODVfNTUxODY2NDczNzY1NzY1XzIyODQ5Njc5Mzg5OTM2NDMxOTZfbi5qcGciLCJzbGlkZXNob3ciOiI4YjU2ODI1In0%3D\" href='https:\/\/zidovskaskolalevice.sk\/wp-content\/uploads\/2024\/06\/341876485_551866473765765_2284967938993643196_n.jpg'><img decoding=\"async\" width=\"150\" height=\"150\" src=\"https:\/\/zidovskaskolalevice.sk\/wp-content\/uploads\/2024\/06\/341876485_551866473765765_2284967938993643196_n-150x150.jpg\" class=\"attachment-thumbnail size-thumbnail\" alt=\"\" \/><\/a>\n\t\t\t<\/div><\/figure><figure class='gallery-item'>\n\t\t\t<div class='gallery-icon portrait'>\n\t\t\t\t<a data-elementor-open-lightbox=\"yes\" data-elementor-lightbox-slideshow=\"8b56825\" data-elementor-lightbox-title=\"341882232_219256897415651_3251362982811041944_n\" data-e-action-hash=\"#elementor-action%3Aaction%3Dlightbox%26settings%3DeyJpZCI6MjQzNiwidXJsIjoiaHR0cHM6XC9cL3ppZG92c2thc2tvbGFsZXZpY2Uuc2tcL3dwLWNvbnRlbnRcL3VwbG9hZHNcLzIwMjRcLzA2XC8zNDE4ODIyMzJfMjE5MjU2ODk3NDE1NjUxXzMyNTEzNjI5ODI4MTEwNDE5NDRfbi5qcGciLCJzbGlkZXNob3ciOiI4YjU2ODI1In0%3D\" href='https:\/\/zidovskaskolalevice.sk\/wp-content\/uploads\/2024\/06\/341882232_219256897415651_3251362982811041944_n.jpg'><img loading=\"lazy\" decoding=\"async\" width=\"150\" height=\"150\" src=\"https:\/\/zidovskaskolalevice.sk\/wp-content\/uploads\/2024\/06\/341882232_219256897415651_3251362982811041944_n-150x150.jpg\" class=\"attachment-thumbnail size-thumbnail\" alt=\"\" \/><\/a>\n\t\t\t<\/div><\/figure><figure class='gallery-item'>\n\t\t\t<div class='gallery-icon portrait'>\n\t\t\t\t<a data-elementor-open-lightbox=\"yes\" data-elementor-lightbox-slideshow=\"8b56825\" data-elementor-lightbox-title=\"342004995_1224576071512411_6734989028093431414_n\" data-e-action-hash=\"#elementor-action%3Aaction%3Dlightbox%26settings%3DeyJpZCI6MjQzNywidXJsIjoiaHR0cHM6XC9cL3ppZG92c2thc2tvbGFsZXZpY2Uuc2tcL3dwLWNvbnRlbnRcL3VwbG9hZHNcLzIwMjRcLzA2XC8zNDIwMDQ5OTVfMTIyNDU3NjA3MTUxMjQxMV82NzM0OTg5MDI4MDkzNDMxNDE0X24uanBnIiwic2xpZGVzaG93IjoiOGI1NjgyNSJ9\" href='https:\/\/zidovskaskolalevice.sk\/wp-content\/uploads\/2024\/06\/342004995_1224576071512411_6734989028093431414_n.jpg'><img loading=\"lazy\" decoding=\"async\" width=\"150\" height=\"150\" src=\"https:\/\/zidovskaskolalevice.sk\/wp-content\/uploads\/2024\/06\/342004995_1224576071512411_6734989028093431414_n-150x150.jpg\" class=\"attachment-thumbnail size-thumbnail\" alt=\"\" \/><\/a>\n\t\t\t<\/div><\/figure><figure class='gallery-item'>\n\t\t\t<div class='gallery-icon portrait'>\n\t\t\t\t<a data-elementor-open-lightbox=\"yes\" data-elementor-lightbox-slideshow=\"8b56825\" data-elementor-lightbox-title=\"342169938_793258455628113_4544681142033572802_n\" data-e-action-hash=\"#elementor-action%3Aaction%3Dlightbox%26settings%3DeyJpZCI6MjQzOCwidXJsIjoiaHR0cHM6XC9cL3ppZG92c2thc2tvbGFsZXZpY2Uuc2tcL3dwLWNvbnRlbnRcL3VwbG9hZHNcLzIwMjRcLzA2XC8zNDIxNjk5MzhfNzkzMjU4NDU1NjI4MTEzXzQ1NDQ2ODExNDIwMzM1NzI4MDJfbi5qcGciLCJzbGlkZXNob3ciOiI4YjU2ODI1In0%3D\" href='https:\/\/zidovskaskolalevice.sk\/wp-content\/uploads\/2024\/06\/342169938_793258455628113_4544681142033572802_n.jpg'><img loading=\"lazy\" decoding=\"async\" width=\"150\" height=\"150\" src=\"https:\/\/zidovskaskolalevice.sk\/wp-content\/uploads\/2024\/06\/342169938_793258455628113_4544681142033572802_n-150x150.jpg\" class=\"attachment-thumbnail size-thumbnail\" alt=\"\" \/><\/a>\n\t\t\t<\/div><\/figure><figure class='gallery-item'>\n\t\t\t<div class='gallery-icon portrait'>\n\t\t\t\t<a data-elementor-open-lightbox=\"yes\" data-elementor-lightbox-slideshow=\"8b56825\" data-elementor-lightbox-title=\"342187772_1317160628831391_1098163399647860653_n\" data-e-action-hash=\"#elementor-action%3Aaction%3Dlightbox%26settings%3DeyJpZCI6MjQzOSwidXJsIjoiaHR0cHM6XC9cL3ppZG92c2thc2tvbGFsZXZpY2Uuc2tcL3dwLWNvbnRlbnRcL3VwbG9hZHNcLzIwMjRcLzA2XC8zNDIxODc3NzJfMTMxNzE2MDYyODgzMTM5MV8xMDk4MTYzMzk5NjQ3ODYwNjUzX24uanBnIiwic2xpZGVzaG93IjoiOGI1NjgyNSJ9\" href='https:\/\/zidovskaskolalevice.sk\/wp-content\/uploads\/2024\/06\/342187772_1317160628831391_1098163399647860653_n.jpg'><img loading=\"lazy\" decoding=\"async\" width=\"150\" height=\"150\" src=\"https:\/\/zidovskaskolalevice.sk\/wp-content\/uploads\/2024\/06\/342187772_1317160628831391_1098163399647860653_n-150x150.jpg\" class=\"attachment-thumbnail size-thumbnail\" alt=\"\" \/><\/a>\n\t\t\t<\/div><\/figure><figure class='gallery-item'>\n\t\t\t<div class='gallery-icon portrait'>\n\t\t\t\t<a data-elementor-open-lightbox=\"yes\" data-elementor-lightbox-slideshow=\"8b56825\" data-elementor-lightbox-title=\"342200340_1089702831966134_999554697137740689_n\" data-e-action-hash=\"#elementor-action%3Aaction%3Dlightbox%26settings%3DeyJpZCI6MjQ0MCwidXJsIjoiaHR0cHM6XC9cL3ppZG92c2thc2tvbGFsZXZpY2Uuc2tcL3dwLWNvbnRlbnRcL3VwbG9hZHNcLzIwMjRcLzA2XC8zNDIyMDAzNDBfMTA4OTcwMjgzMTk2NjEzNF85OTk1NTQ2OTcxMzc3NDA2ODlfbi5qcGciLCJzbGlkZXNob3ciOiI4YjU2ODI1In0%3D\" href='https:\/\/zidovskaskolalevice.sk\/wp-content\/uploads\/2024\/06\/342200340_1089702831966134_999554697137740689_n.jpg'><img loading=\"lazy\" decoding=\"async\" width=\"150\" height=\"150\" src=\"https:\/\/zidovskaskolalevice.sk\/wp-content\/uploads\/2024\/06\/342200340_1089702831966134_999554697137740689_n-150x150.jpg\" class=\"attachment-thumbnail size-thumbnail\" alt=\"\" \/><\/a>\n\t\t\t<\/div><\/figure><figure class='gallery-item'>\n\t\t\t<div class='gallery-icon portrait'>\n\t\t\t\t<a data-elementor-open-lightbox=\"yes\" data-elementor-lightbox-slideshow=\"8b56825\" data-elementor-lightbox-title=\"342487879_1074034583403845_6036902427206110398_n\" data-e-action-hash=\"#elementor-action%3Aaction%3Dlightbox%26settings%3DeyJpZCI6MjQ0MSwidXJsIjoiaHR0cHM6XC9cL3ppZG92c2thc2tvbGFsZXZpY2Uuc2tcL3dwLWNvbnRlbnRcL3VwbG9hZHNcLzIwMjRcLzA2XC8zNDI0ODc4NzlfMTA3NDAzNDU4MzQwMzg0NV82MDM2OTAyNDI3MjA2MTEwMzk4X24uanBnIiwic2xpZGVzaG93IjoiOGI1NjgyNSJ9\" href='https:\/\/zidovskaskolalevice.sk\/wp-content\/uploads\/2024\/06\/342487879_1074034583403845_6036902427206110398_n.jpg'><img loading=\"lazy\" decoding=\"async\" width=\"150\" height=\"150\" src=\"https:\/\/zidovskaskolalevice.sk\/wp-content\/uploads\/2024\/06\/342487879_1074034583403845_6036902427206110398_n-150x150.jpg\" class=\"attachment-thumbnail size-thumbnail\" alt=\"\" \/><\/a>\n\t\t\t<\/div><\/figure><figure class='gallery-item'>\n\t\t\t<div class='gallery-icon portrait'>\n\t\t\t\t<a data-elementor-open-lightbox=\"yes\" data-elementor-lightbox-slideshow=\"8b56825\" data-elementor-lightbox-title=\"342498920_3201901716776589_7726473306185499168_n\" data-e-action-hash=\"#elementor-action%3Aaction%3Dlightbox%26settings%3DeyJpZCI6MjQ0MiwidXJsIjoiaHR0cHM6XC9cL3ppZG92c2thc2tvbGFsZXZpY2Uuc2tcL3dwLWNvbnRlbnRcL3VwbG9hZHNcLzIwMjRcLzA2XC8zNDI0OTg5MjBfMzIwMTkwMTcxNjc3NjU4OV83NzI2NDczMzA2MTg1NDk5MTY4X24uanBnIiwic2xpZGVzaG93IjoiOGI1NjgyNSJ9\" href='https:\/\/zidovskaskolalevice.sk\/wp-content\/uploads\/2024\/06\/342498920_3201901716776589_7726473306185499168_n.jpg'><img loading=\"lazy\" decoding=\"async\" width=\"150\" height=\"150\" src=\"https:\/\/zidovskaskolalevice.sk\/wp-content\/uploads\/2024\/06\/342498920_3201901716776589_7726473306185499168_n-150x150.jpg\" class=\"attachment-thumbnail size-thumbnail\" alt=\"\" \/><\/a>\n\t\t\t<\/div><\/figure><figure class='gallery-item'>\n\t\t\t<div class='gallery-icon portrait'>\n\t\t\t\t<a data-elementor-open-lightbox=\"yes\" data-elementor-lightbox-slideshow=\"8b56825\" data-elementor-lightbox-title=\"342508606_160974223572019_8361371278120107967_n\" data-e-action-hash=\"#elementor-action%3Aaction%3Dlightbox%26settings%3DeyJpZCI6MjQ0MywidXJsIjoiaHR0cHM6XC9cL3ppZG92c2thc2tvbGFsZXZpY2Uuc2tcL3dwLWNvbnRlbnRcL3VwbG9hZHNcLzIwMjRcLzA2XC8zNDI1MDg2MDZfMTYwOTc0MjIzNTcyMDE5XzgzNjEzNzEyNzgxMjAxMDc5Njdfbi5qcGciLCJzbGlkZXNob3ciOiI4YjU2ODI1In0%3D\" href='https:\/\/zidovskaskolalevice.sk\/wp-content\/uploads\/2024\/06\/342508606_160974223572019_8361371278120107967_n.jpg'><img loading=\"lazy\" decoding=\"async\" width=\"150\" height=\"150\" src=\"https:\/\/zidovskaskolalevice.sk\/wp-content\/uploads\/2024\/06\/342508606_160974223572019_8361371278120107967_n-150x150.jpg\" class=\"attachment-thumbnail size-thumbnail\" alt=\"\" \/><\/a>\n\t\t\t<\/div><\/figure>\n\t\t<\/div>\n\t\t<\/div>\n\t\t\t\t\t\t<\/div>\n\t\t\t\t<\/div>\n\t\t\t\t\t<\/div>\n\t\t<\/div>\n\t\t\t\t\t<\/div>\n\t\t<\/section>\n\t\t\t\t<\/div>\n\t\t","protected":false},"excerpt":{"rendered":"<p>On April 19, 2023, we had a nice visit from the editors of RTVS. In addition to the history of the Jewish school, they were interested in the reconstruction, which is currently in full swing. We gratefully told them about our plans and goals in the coming months. We are glad that through public television, <a class=\"read-more\" href=\"https:\/\/zidovskaskolalevice.sk\/?page_id=2582&#038;lang=en\">Read More<\/a><\/p>\n","protected":false},"author":1,"featured_media":0,"parent":0,"menu_order":0,"comment_status":"closed","ping_status":"closed","template":"","meta":{"om_disable_all_campaigns":false,"_monsterinsights_skip_tracking":false,"_monsterinsights_sitenote_active":false,"_monsterinsights_sitenote_note":"","_monsterinsights_sitenote_category":0,"_uf_show_specific_survey":0,"_uf_disable_surveys":false,"ngg_post_thumbnail":0,"footnotes":""},"class_list":["post-2582","page","type-page","status-publish","hentry"],"yoast_head":"<!-- This site is optimized with the Yoast SEO plugin v27.5 - https:\/\/yoast.com\/product\/yoast-seo-wordpress\/ -->\n<title>Visit to RTVS - Projekt na obnovu n\u00e1rodnej kult\u00farnej pamiatky \u017didovsk\u00e1 \u0161kola Levice<\/title>\n<meta name=\"robots\" content=\"index, follow, max-snippet:-1, max-image-preview:large, max-video-preview:-1\" \/>\n<link rel=\"canonical\" href=\"https:\/\/zidovskaskolalevice.sk\/?page_id=2582&lang=en\" \/>\n<meta property=\"og:locale\" content=\"sk_SK\" \/>\n<meta property=\"og:type\" content=\"article\" \/>\n<meta property=\"og:title\" content=\"Visit to RTVS - Projekt na obnovu n\u00e1rodnej kult\u00farnej pamiatky \u017didovsk\u00e1 \u0161kola Levice\" \/>\n<meta property=\"og:description\" content=\"On April 19, 2023, we had a nice visit from the editors of RTVS. In addition to the history of the Jewish school, they were interested in the reconstruction, which is currently in full swing. We gratefully told them about our plans and goals in the coming months. We are glad that through public television, Read More\" \/>\n<meta property=\"og:url\" content=\"https:\/\/zidovskaskolalevice.sk\/?page_id=2582&amp;lang=en\" \/>\n<meta property=\"og:site_name\" content=\"Projekt na obnovu n\u00e1rodnej kult\u00farnej pamiatky \u017didovsk\u00e1 \u0161kola Levice\" \/>\n<meta property=\"article:modified_time\" content=\"2024-06-26T04:46:14+00:00\" \/>\n<meta property=\"og:image\" content=\"http:\/\/zidovskaskolalevice.sk\/wp-content\/uploads\/2024\/06\/341876485_551866473765765_2284967938993643196_n.jpg\" \/>\n<meta name=\"twitter:card\" content=\"summary_large_image\" \/>\n<meta name=\"twitter:label1\" content=\"Predpokladan\u00fd \u010das \u010d\u00edtania\" \/>\n\t<meta name=\"twitter:data1\" content=\"4 min\u00faty\" \/>\n<script type=\"application\/ld+json\" class=\"yoast-schema-graph\">{\"@context\":\"https:\\\/\\\/schema.org\",\"@graph\":[{\"@type\":\"WebPage\",\"@id\":\"https:\\\/\\\/zidovskaskolalevice.sk\\\/?page_id=2582&lang=en\",\"url\":\"https:\\\/\\\/zidovskaskolalevice.sk\\\/?page_id=2582&lang=en\",\"name\":\"Visit to RTVS - Projekt na obnovu n\u00e1rodnej kult\u00farnej pamiatky \u017didovsk\u00e1 \u0161kola Levice\",\"isPartOf\":{\"@id\":\"https:\\\/\\\/zidovskaskolalevice.sk\\\/#website\"},\"primaryImageOfPage\":{\"@id\":\"https:\\\/\\\/zidovskaskolalevice.sk\\\/?page_id=2582&lang=en#primaryimage\"},\"image\":{\"@id\":\"https:\\\/\\\/zidovskaskolalevice.sk\\\/?page_id=2582&lang=en#primaryimage\"},\"thumbnailUrl\":\"http:\\\/\\\/zidovskaskolalevice.sk\\\/wp-content\\\/uploads\\\/2024\\\/06\\\/341876485_551866473765765_2284967938993643196_n.jpg\",\"datePublished\":\"2024-06-26T04:45:13+00:00\",\"dateModified\":\"2024-06-26T04:46:14+00:00\",\"breadcrumb\":{\"@id\":\"https:\\\/\\\/zidovskaskolalevice.sk\\\/?page_id=2582&lang=en#breadcrumb\"},\"inLanguage\":\"sk-SK\",\"potentialAction\":[{\"@type\":\"ReadAction\",\"target\":[\"https:\\\/\\\/zidovskaskolalevice.sk\\\/?page_id=2582&lang=en\"]}]},{\"@type\":\"ImageObject\",\"inLanguage\":\"sk-SK\",\"@id\":\"https:\\\/\\\/zidovskaskolalevice.sk\\\/?page_id=2582&lang=en#primaryimage\",\"url\":\"http:\\\/\\\/zidovskaskolalevice.sk\\\/wp-content\\\/uploads\\\/2024\\\/06\\\/341876485_551866473765765_2284967938993643196_n.jpg\",\"contentUrl\":\"http:\\\/\\\/zidovskaskolalevice.sk\\\/wp-content\\\/uploads\\\/2024\\\/06\\\/341876485_551866473765765_2284967938993643196_n.jpg\"},{\"@type\":\"BreadcrumbList\",\"@id\":\"https:\\\/\\\/zidovskaskolalevice.sk\\\/?page_id=2582&lang=en#breadcrumb\",\"itemListElement\":[{\"@type\":\"ListItem\",\"position\":1,\"name\":\"Home\",\"item\":\"https:\\\/\\\/zidovskaskolalevice.sk\\\/\"},{\"@type\":\"ListItem\",\"position\":2,\"name\":\"Visit to RTVS\"}]},{\"@type\":\"WebSite\",\"@id\":\"https:\\\/\\\/zidovskaskolalevice.sk\\\/#website\",\"url\":\"https:\\\/\\\/zidovskaskolalevice.sk\\\/\",\"name\":\"Projekt na obnovu n\u00e1rodnej kult\u00farnej pamiatky \u017didovsk\u00e1 \u0161kola Levice\",\"description\":\"Projekt na obnovu n\u00e1rodnej kult\u00farnej pamiatky \u017didovsk\u00e1 \u0161kola Levice\",\"publisher\":{\"@id\":\"https:\\\/\\\/zidovskaskolalevice.sk\\\/#organization\"},\"potentialAction\":[{\"@type\":\"SearchAction\",\"target\":{\"@type\":\"EntryPoint\",\"urlTemplate\":\"https:\\\/\\\/zidovskaskolalevice.sk\\\/?s={search_term_string}\"},\"query-input\":{\"@type\":\"PropertyValueSpecification\",\"valueRequired\":true,\"valueName\":\"search_term_string\"}}],\"inLanguage\":\"sk-SK\"},{\"@type\":\"Organization\",\"@id\":\"https:\\\/\\\/zidovskaskolalevice.sk\\\/#organization\",\"name\":\"Projekt na obnovu n\u00e1rodnej kult\u00farnej pamiatky \u017didovsk\u00e1 \u0161kola Levice\",\"url\":\"https:\\\/\\\/zidovskaskolalevice.sk\\\/\",\"logo\":{\"@type\":\"ImageObject\",\"inLanguage\":\"sk-SK\",\"@id\":\"https:\\\/\\\/zidovskaskolalevice.sk\\\/#\\\/schema\\\/logo\\\/image\\\/\",\"url\":\"https:\\\/\\\/zidovskaskolalevice.sk\\\/wp-content\\\/uploads\\\/2023\\\/03\\\/cropped-logo_spravne-2.jpg\",\"contentUrl\":\"https:\\\/\\\/zidovskaskolalevice.sk\\\/wp-content\\\/uploads\\\/2023\\\/03\\\/cropped-logo_spravne-2.jpg\",\"width\":680,\"height\":237,\"caption\":\"Projekt na obnovu n\u00e1rodnej kult\u00farnej pamiatky \u017didovsk\u00e1 \u0161kola Levice\"},\"image\":{\"@id\":\"https:\\\/\\\/zidovskaskolalevice.sk\\\/#\\\/schema\\\/logo\\\/image\\\/\"}}]}<\/script>\n<!-- \/ Yoast SEO plugin. -->","yoast_head_json":{"title":"Visit to RTVS - Projekt na obnovu n\u00e1rodnej kult\u00farnej pamiatky \u017didovsk\u00e1 \u0161kola Levice","robots":{"index":"index","follow":"follow","max-snippet":"max-snippet:-1","max-image-preview":"max-image-preview:large","max-video-preview":"max-video-preview:-1"},"canonical":"https:\/\/zidovskaskolalevice.sk\/?page_id=2582&lang=en","og_locale":"sk_SK","og_type":"article","og_title":"Visit to RTVS - Projekt na obnovu n\u00e1rodnej kult\u00farnej pamiatky \u017didovsk\u00e1 \u0161kola Levice","og_description":"On April 19, 2023, we had a nice visit from the editors of RTVS. In addition to the history of the Jewish school, they were interested in the reconstruction, which is currently in full swing. We gratefully told them about our plans and goals in the coming months. We are glad that through public television, Read More","og_url":"https:\/\/zidovskaskolalevice.sk\/?page_id=2582&lang=en","og_site_name":"Projekt na obnovu n\u00e1rodnej kult\u00farnej pamiatky \u017didovsk\u00e1 \u0161kola Levice","article_modified_time":"2024-06-26T04:46:14+00:00","og_image":[{"url":"http:\/\/zidovskaskolalevice.sk\/wp-content\/uploads\/2024\/06\/341876485_551866473765765_2284967938993643196_n.jpg","type":"","width":"","height":""}],"twitter_card":"summary_large_image","twitter_misc":{"Predpokladan\u00fd \u010das \u010d\u00edtania":"4 min\u00faty"},"schema":{"@context":"https:\/\/schema.org","@graph":[{"@type":"WebPage","@id":"https:\/\/zidovskaskolalevice.sk\/?page_id=2582&lang=en","url":"https:\/\/zidovskaskolalevice.sk\/?page_id=2582&lang=en","name":"Visit to RTVS - Projekt na obnovu n\u00e1rodnej kult\u00farnej pamiatky \u017didovsk\u00e1 \u0161kola Levice","isPartOf":{"@id":"https:\/\/zidovskaskolalevice.sk\/#website"},"primaryImageOfPage":{"@id":"https:\/\/zidovskaskolalevice.sk\/?page_id=2582&lang=en#primaryimage"},"image":{"@id":"https:\/\/zidovskaskolalevice.sk\/?page_id=2582&lang=en#primaryimage"},"thumbnailUrl":"http:\/\/zidovskaskolalevice.sk\/wp-content\/uploads\/2024\/06\/341876485_551866473765765_2284967938993643196_n.jpg","datePublished":"2024-06-26T04:45:13+00:00","dateModified":"2024-06-26T04:46:14+00:00","breadcrumb":{"@id":"https:\/\/zidovskaskolalevice.sk\/?page_id=2582&lang=en#breadcrumb"},"inLanguage":"sk-SK","potentialAction":[{"@type":"ReadAction","target":["https:\/\/zidovskaskolalevice.sk\/?page_id=2582&lang=en"]}]},{"@type":"ImageObject","inLanguage":"sk-SK","@id":"https:\/\/zidovskaskolalevice.sk\/?page_id=2582&lang=en#primaryimage","url":"http:\/\/zidovskaskolalevice.sk\/wp-content\/uploads\/2024\/06\/341876485_551866473765765_2284967938993643196_n.jpg","contentUrl":"http:\/\/zidovskaskolalevice.sk\/wp-content\/uploads\/2024\/06\/341876485_551866473765765_2284967938993643196_n.jpg"},{"@type":"BreadcrumbList","@id":"https:\/\/zidovskaskolalevice.sk\/?page_id=2582&lang=en#breadcrumb","itemListElement":[{"@type":"ListItem","position":1,"name":"Home","item":"https:\/\/zidovskaskolalevice.sk\/"},{"@type":"ListItem","position":2,"name":"Visit to RTVS"}]},{"@type":"WebSite","@id":"https:\/\/zidovskaskolalevice.sk\/#website","url":"https:\/\/zidovskaskolalevice.sk\/","name":"Projekt na obnovu n\u00e1rodnej kult\u00farnej pamiatky \u017didovsk\u00e1 \u0161kola Levice","description":"Projekt na obnovu n\u00e1rodnej kult\u00farnej pamiatky \u017didovsk\u00e1 \u0161kola Levice","publisher":{"@id":"https:\/\/zidovskaskolalevice.sk\/#organization"},"potentialAction":[{"@type":"SearchAction","target":{"@type":"EntryPoint","urlTemplate":"https:\/\/zidovskaskolalevice.sk\/?s={search_term_string}"},"query-input":{"@type":"PropertyValueSpecification","valueRequired":true,"valueName":"search_term_string"}}],"inLanguage":"sk-SK"},{"@type":"Organization","@id":"https:\/\/zidovskaskolalevice.sk\/#organization","name":"Projekt na obnovu n\u00e1rodnej kult\u00farnej pamiatky \u017didovsk\u00e1 \u0161kola Levice","url":"https:\/\/zidovskaskolalevice.sk\/","logo":{"@type":"ImageObject","inLanguage":"sk-SK","@id":"https:\/\/zidovskaskolalevice.sk\/#\/schema\/logo\/image\/","url":"https:\/\/zidovskaskolalevice.sk\/wp-content\/uploads\/2023\/03\/cropped-logo_spravne-2.jpg","contentUrl":"https:\/\/zidovskaskolalevice.sk\/wp-content\/uploads\/2023\/03\/cropped-logo_spravne-2.jpg","width":680,"height":237,"caption":"Projekt na obnovu n\u00e1rodnej kult\u00farnej pamiatky \u017didovsk\u00e1 \u0161kola Levice"},"image":{"@id":"https:\/\/zidovskaskolalevice.sk\/#\/schema\/logo\/image\/"}}]}},"_links":{"self":[{"href":"https:\/\/zidovskaskolalevice.sk\/index.php?rest_route=\/wp\/v2\/pages\/2582","targetHints":{"allow":["GET"]}}],"collection":[{"href":"https:\/\/zidovskaskolalevice.sk\/index.php?rest_route=\/wp\/v2\/pages"}],"about":[{"href":"https:\/\/zidovskaskolalevice.sk\/index.php?rest_route=\/wp\/v2\/types\/page"}],"author":[{"embeddable":true,"href":"https:\/\/zidovskaskolalevice.sk\/index.php?rest_route=\/wp\/v2\/users\/1"}],"replies":[{"embeddable":true,"href":"https:\/\/zidovskaskolalevice.sk\/index.php?rest_route=%2Fwp%2Fv2%2Fcomments&post=2582"}],"version-history":[{"count":4,"href":"https:\/\/zidovskaskolalevice.sk\/index.php?rest_route=\/wp\/v2\/pages\/2582\/revisions"}],"predecessor-version":[{"id":2586,"href":"https:\/\/zidovskaskolalevice.sk\/index.php?rest_route=\/wp\/v2\/pages\/2582\/revisions\/2586"}],"wp:attachment":[{"href":"https:\/\/zidovskaskolalevice.sk\/index.php?rest_route=%2Fwp%2Fv2%2Fmedia&parent=2582"}],"curies":[{"name":"wp","href":"https:\/\/api.w.org\/{rel}","templated":true}]}}