{"id":2593,"date":"2024-06-26T06:52:44","date_gmt":"2024-06-26T04:52:44","guid":{"rendered":"https:\/\/zidovskaskolalevice.sk\/?page_id=2593"},"modified":"2024-06-26T06:52:57","modified_gmt":"2024-06-26T04:52:57","slug":"we-arrange","status":"publish","type":"page","link":"https:\/\/zidovskaskolalevice.sk\/?page_id=2593&lang=en","title":{"rendered":"We arrange"},"content":{"rendered":"\t\t<div data-elementor-type=\"wp-page\" data-elementor-id=\"2593\" class=\"elementor elementor-2593\">\n\t\t\t\t\t\t<section class=\"elementor-section elementor-top-section elementor-element elementor-element-791bc10 elementor-section-boxed elementor-section-height-default elementor-section-height-default\" data-id=\"791bc10\" data-element_type=\"section\" data-e-type=\"section\">\n\t\t\t\t\t\t<div class=\"elementor-container elementor-column-gap-default\">\n\t\t\t\t\t<div class=\"elementor-column elementor-col-100 elementor-top-column elementor-element elementor-element-21a4437\" data-id=\"21a4437\" data-element_type=\"column\" data-e-type=\"column\">\n\t\t\t<div class=\"elementor-widget-wrap elementor-element-populated\">\n\t\t\t\t\t\t<div class=\"elementor-element elementor-element-79d31eb elementor-widget elementor-widget-text-editor\" data-id=\"79d31eb\" data-element_type=\"widget\" data-e-type=\"widget\" data-widget_type=\"text-editor.default\">\n\t\t\t\t<div class=\"elementor-widget-container\">\n\t\t\t\t\t\t\t\t\t<p>And we&#8217;re going to the finals\ud83d\ude0a We&#8217;re decorating the interiors, we&#8217;re looking forward to every piece of furniture, curtain, hanging system, data projector, piano,&#8230; The cafe is getting its contours, all that&#8217;s missing is the smell of good coffee, a gallery, an exhibition. And of course, most of all, we look forward to all the visitors who visit us.<\/p>\t\t\t\t\t\t\t\t<\/div>\n\t\t\t\t<\/div>\n\t\t\t\t\t<\/div>\n\t\t<\/div>\n\t\t\t\t\t<\/div>\n\t\t<\/section>\n\t\t\t\t<section class=\"elementor-section elementor-top-section elementor-element elementor-element-4562905 elementor-section-boxed elementor-section-height-default elementor-section-height-default\" data-id=\"4562905\" data-element_type=\"section\" data-e-type=\"section\">\n\t\t\t\t\t\t<div class=\"elementor-container elementor-column-gap-default\">\n\t\t\t\t\t<div class=\"elementor-column elementor-col-100 elementor-top-column elementor-element elementor-element-350aead\" data-id=\"350aead\" data-element_type=\"column\" data-e-type=\"column\">\n\t\t\t<div class=\"elementor-widget-wrap elementor-element-populated\">\n\t\t\t\t\t\t<div class=\"elementor-element elementor-element-6c86fd8 gallery-spacing-custom elementor-widget elementor-widget-image-gallery\" data-id=\"6c86fd8\" data-element_type=\"widget\" data-e-type=\"widget\" data-widget_type=\"image-gallery.default\">\n\t\t\t\t<div class=\"elementor-widget-container\">\n\t\t\t\t\t\t\t<div class=\"elementor-image-gallery\">\n\t\t\t<div id='gallery-1' class='gallery galleryid-2593 gallery-columns-5 gallery-size-thumbnail'><figure class='gallery-item'>\n\t\t\t<div class='gallery-icon landscape'>\n\t\t\t\t<a data-elementor-open-lightbox=\"yes\" data-elementor-lightbox-slideshow=\"6c86fd8\" data-elementor-lightbox-title=\"438118989_419384737713150_1260449556109142151_n\" data-e-action-hash=\"#elementor-action%3Aaction%3Dlightbox%26settings%3DeyJpZCI6MjQ1NCwidXJsIjoiaHR0cHM6XC9cL3ppZG92c2thc2tvbGFsZXZpY2Uuc2tcL3dwLWNvbnRlbnRcL3VwbG9hZHNcLzIwMjRcLzA2XC80MzgxMTg5ODlfNDE5Mzg0NzM3NzEzMTUwXzEyNjA0NDk1NTYxMDkxNDIxNTFfbi5qcGciLCJzbGlkZXNob3ciOiI2Yzg2ZmQ4In0%3D\" href='https:\/\/zidovskaskolalevice.sk\/wp-content\/uploads\/2024\/06\/438118989_419384737713150_1260449556109142151_n.jpg'><img decoding=\"async\" width=\"150\" height=\"150\" src=\"https:\/\/zidovskaskolalevice.sk\/wp-content\/uploads\/2024\/06\/438118989_419384737713150_1260449556109142151_n-150x150.jpg\" class=\"attachment-thumbnail size-thumbnail\" alt=\"\" \/><\/a>\n\t\t\t<\/div><\/figure><figure class='gallery-item'>\n\t\t\t<div class='gallery-icon portrait'>\n\t\t\t\t<a data-elementor-open-lightbox=\"yes\" data-elementor-lightbox-slideshow=\"6c86fd8\" data-elementor-lightbox-title=\"438169037_419384641046493_4697528910904647557_n\" data-e-action-hash=\"#elementor-action%3Aaction%3Dlightbox%26settings%3DeyJpZCI6MjQ1NSwidXJsIjoiaHR0cHM6XC9cL3ppZG92c2thc2tvbGFsZXZpY2Uuc2tcL3dwLWNvbnRlbnRcL3VwbG9hZHNcLzIwMjRcLzA2XC80MzgxNjkwMzdfNDE5Mzg0NjQxMDQ2NDkzXzQ2OTc1Mjg5MTA5MDQ2NDc1NTdfbi5qcGciLCJzbGlkZXNob3ciOiI2Yzg2ZmQ4In0%3D\" href='https:\/\/zidovskaskolalevice.sk\/wp-content\/uploads\/2024\/06\/438169037_419384641046493_4697528910904647557_n.jpg'><img decoding=\"async\" width=\"150\" height=\"150\" src=\"https:\/\/zidovskaskolalevice.sk\/wp-content\/uploads\/2024\/06\/438169037_419384641046493_4697528910904647557_n-150x150.jpg\" class=\"attachment-thumbnail size-thumbnail\" alt=\"\" \/><\/a>\n\t\t\t<\/div><\/figure><figure class='gallery-item'>\n\t\t\t<div class='gallery-icon portrait'>\n\t\t\t\t<a data-elementor-open-lightbox=\"yes\" data-elementor-lightbox-slideshow=\"6c86fd8\" data-elementor-lightbox-title=\"438885764_411992278452396_1915893680168480267_n\" data-e-action-hash=\"#elementor-action%3Aaction%3Dlightbox%26settings%3DeyJpZCI6MjQ1NiwidXJsIjoiaHR0cHM6XC9cL3ppZG92c2thc2tvbGFsZXZpY2Uuc2tcL3dwLWNvbnRlbnRcL3VwbG9hZHNcLzIwMjRcLzA2XC80Mzg4ODU3NjRfNDExOTkyMjc4NDUyMzk2XzE5MTU4OTM2ODAxNjg0ODAyNjdfbi0xLmpwZyIsInNsaWRlc2hvdyI6IjZjODZmZDgifQ%3D%3D\" href='https:\/\/zidovskaskolalevice.sk\/wp-content\/uploads\/2024\/06\/438885764_411992278452396_1915893680168480267_n-1.jpg'><img decoding=\"async\" width=\"150\" height=\"150\" src=\"https:\/\/zidovskaskolalevice.sk\/wp-content\/uploads\/2024\/06\/438885764_411992278452396_1915893680168480267_n-1-150x150.jpg\" class=\"attachment-thumbnail size-thumbnail\" alt=\"\" \/><\/a>\n\t\t\t<\/div><\/figure><figure class='gallery-item'>\n\t\t\t<div class='gallery-icon portrait'>\n\t\t\t\t<a data-elementor-open-lightbox=\"yes\" data-elementor-lightbox-slideshow=\"6c86fd8\" data-elementor-lightbox-title=\"439437462_411992331785724_5873285496616352844_n\" data-e-action-hash=\"#elementor-action%3Aaction%3Dlightbox%26settings%3DeyJpZCI6MjQ1NywidXJsIjoiaHR0cHM6XC9cL3ppZG92c2thc2tvbGFsZXZpY2Uuc2tcL3dwLWNvbnRlbnRcL3VwbG9hZHNcLzIwMjRcLzA2XC80Mzk0Mzc0NjJfNDExOTkyMzMxNzg1NzI0XzU4NzMyODU0OTY2MTYzNTI4NDRfbi5qcGciLCJzbGlkZXNob3ciOiI2Yzg2ZmQ4In0%3D\" href='https:\/\/zidovskaskolalevice.sk\/wp-content\/uploads\/2024\/06\/439437462_411992331785724_5873285496616352844_n.jpg'><img loading=\"lazy\" decoding=\"async\" width=\"150\" height=\"150\" src=\"https:\/\/zidovskaskolalevice.sk\/wp-content\/uploads\/2024\/06\/439437462_411992331785724_5873285496616352844_n-150x150.jpg\" class=\"attachment-thumbnail size-thumbnail\" alt=\"\" \/><\/a>\n\t\t\t<\/div><\/figure><figure class='gallery-item'>\n\t\t\t<div class='gallery-icon portrait'>\n\t\t\t\t<a data-elementor-open-lightbox=\"yes\" data-elementor-lightbox-slideshow=\"6c86fd8\" data-elementor-lightbox-title=\"441148580_419384691046488_8521154513229635094_n\" data-e-action-hash=\"#elementor-action%3Aaction%3Dlightbox%26settings%3DeyJpZCI6MjQ1OCwidXJsIjoiaHR0cHM6XC9cL3ppZG92c2thc2tvbGFsZXZpY2Uuc2tcL3dwLWNvbnRlbnRcL3VwbG9hZHNcLzIwMjRcLzA2XC80NDExNDg1ODBfNDE5Mzg0NjkxMDQ2NDg4Xzg1MjExNTQ1MTMyMjk2MzUwOTRfbi5qcGciLCJzbGlkZXNob3ciOiI2Yzg2ZmQ4In0%3D\" href='https:\/\/zidovskaskolalevice.sk\/wp-content\/uploads\/2024\/06\/441148580_419384691046488_8521154513229635094_n.jpg'><img loading=\"lazy\" decoding=\"async\" width=\"150\" height=\"150\" src=\"https:\/\/zidovskaskolalevice.sk\/wp-content\/uploads\/2024\/06\/441148580_419384691046488_8521154513229635094_n-150x150.jpg\" class=\"attachment-thumbnail size-thumbnail\" alt=\"\" \/><\/a>\n\t\t\t<\/div><\/figure>\n\t\t<\/div>\n\t\t<\/div>\n\t\t\t\t\t\t<\/div>\n\t\t\t\t<\/div>\n\t\t\t\t\t<\/div>\n\t\t<\/div>\n\t\t\t\t\t<\/div>\n\t\t<\/section>\n\t\t\t\t<\/div>\n\t\t","protected":false},"excerpt":{"rendered":"<p>And we&#8217;re going to the finals\ud83d\ude0a We&#8217;re decorating the interiors, we&#8217;re looking forward to every piece of furniture, curtain, hanging system, data projector, piano,&#8230; The cafe is getting its contours, all that&#8217;s missing is the smell of good coffee, a gallery, an exhibition. And of course, most of all, we look forward to all the <a class=\"read-more\" href=\"https:\/\/zidovskaskolalevice.sk\/?page_id=2593&#038;lang=en\">Read More<\/a><\/p>\n","protected":false},"author":1,"featured_media":0,"parent":0,"menu_order":0,"comment_status":"closed","ping_status":"closed","template":"","meta":{"om_disable_all_campaigns":false,"_monsterinsights_skip_tracking":false,"_monsterinsights_sitenote_active":false,"_monsterinsights_sitenote_note":"","_monsterinsights_sitenote_category":0,"_uf_show_specific_survey":0,"_uf_disable_surveys":false,"ngg_post_thumbnail":0,"footnotes":""},"class_list":["post-2593","page","type-page","status-publish","hentry"],"yoast_head":"<!-- This site is optimized with the Yoast SEO plugin v27.5 - https:\/\/yoast.com\/product\/yoast-seo-wordpress\/ -->\n<title>We arrange - Projekt na obnovu n\u00e1rodnej kult\u00farnej pamiatky \u017didovsk\u00e1 \u0161kola Levice<\/title>\n<meta name=\"robots\" content=\"index, follow, max-snippet:-1, max-image-preview:large, max-video-preview:-1\" \/>\n<link rel=\"canonical\" href=\"https:\/\/zidovskaskolalevice.sk\/?page_id=2593&lang=en\" \/>\n<meta property=\"og:locale\" content=\"sk_SK\" \/>\n<meta property=\"og:type\" content=\"article\" \/>\n<meta property=\"og:title\" content=\"We arrange - Projekt na obnovu n\u00e1rodnej kult\u00farnej pamiatky \u017didovsk\u00e1 \u0161kola Levice\" \/>\n<meta property=\"og:description\" content=\"And we&#8217;re going to the finals\ud83d\ude0a We&#8217;re decorating the interiors, we&#8217;re looking forward to every piece of furniture, curtain, hanging system, data projector, piano,&#8230; The cafe is getting its contours, all that&#8217;s missing is the smell of good coffee, a gallery, an exhibition. And of course, most of all, we look forward to all the Read More\" \/>\n<meta property=\"og:url\" content=\"https:\/\/zidovskaskolalevice.sk\/?page_id=2593&amp;lang=en\" \/>\n<meta property=\"og:site_name\" content=\"Projekt na obnovu n\u00e1rodnej kult\u00farnej pamiatky \u017didovsk\u00e1 \u0161kola Levice\" \/>\n<meta property=\"article:modified_time\" content=\"2024-06-26T04:52:57+00:00\" \/>\n<meta property=\"og:image\" content=\"http:\/\/zidovskaskolalevice.sk\/wp-content\/uploads\/2024\/06\/438118989_419384737713150_1260449556109142151_n-150x150.jpg\" \/>\n<meta name=\"twitter:card\" content=\"summary_large_image\" \/>\n<meta name=\"twitter:label1\" content=\"Predpokladan\u00fd \u010das \u010d\u00edtania\" \/>\n\t<meta name=\"twitter:data1\" content=\"2 min\u00faty\" \/>\n<script type=\"application\/ld+json\" class=\"yoast-schema-graph\">{\"@context\":\"https:\\\/\\\/schema.org\",\"@graph\":[{\"@type\":\"WebPage\",\"@id\":\"https:\\\/\\\/zidovskaskolalevice.sk\\\/?page_id=2593&lang=en\",\"url\":\"https:\\\/\\\/zidovskaskolalevice.sk\\\/?page_id=2593&lang=en\",\"name\":\"We arrange - Projekt na obnovu n\u00e1rodnej kult\u00farnej pamiatky \u017didovsk\u00e1 \u0161kola Levice\",\"isPartOf\":{\"@id\":\"https:\\\/\\\/zidovskaskolalevice.sk\\\/#website\"},\"primaryImageOfPage\":{\"@id\":\"https:\\\/\\\/zidovskaskolalevice.sk\\\/?page_id=2593&lang=en#primaryimage\"},\"image\":{\"@id\":\"https:\\\/\\\/zidovskaskolalevice.sk\\\/?page_id=2593&lang=en#primaryimage\"},\"thumbnailUrl\":\"http:\\\/\\\/zidovskaskolalevice.sk\\\/wp-content\\\/uploads\\\/2024\\\/06\\\/438118989_419384737713150_1260449556109142151_n-150x150.jpg\",\"datePublished\":\"2024-06-26T04:52:44+00:00\",\"dateModified\":\"2024-06-26T04:52:57+00:00\",\"breadcrumb\":{\"@id\":\"https:\\\/\\\/zidovskaskolalevice.sk\\\/?page_id=2593&lang=en#breadcrumb\"},\"inLanguage\":\"sk-SK\",\"potentialAction\":[{\"@type\":\"ReadAction\",\"target\":[\"https:\\\/\\\/zidovskaskolalevice.sk\\\/?page_id=2593&lang=en\"]}]},{\"@type\":\"ImageObject\",\"inLanguage\":\"sk-SK\",\"@id\":\"https:\\\/\\\/zidovskaskolalevice.sk\\\/?page_id=2593&lang=en#primaryimage\",\"url\":\"http:\\\/\\\/zidovskaskolalevice.sk\\\/wp-content\\\/uploads\\\/2024\\\/06\\\/438118989_419384737713150_1260449556109142151_n-150x150.jpg\",\"contentUrl\":\"http:\\\/\\\/zidovskaskolalevice.sk\\\/wp-content\\\/uploads\\\/2024\\\/06\\\/438118989_419384737713150_1260449556109142151_n-150x150.jpg\"},{\"@type\":\"BreadcrumbList\",\"@id\":\"https:\\\/\\\/zidovskaskolalevice.sk\\\/?page_id=2593&lang=en#breadcrumb\",\"itemListElement\":[{\"@type\":\"ListItem\",\"position\":1,\"name\":\"Home\",\"item\":\"https:\\\/\\\/zidovskaskolalevice.sk\\\/\"},{\"@type\":\"ListItem\",\"position\":2,\"name\":\"We arrange\"}]},{\"@type\":\"WebSite\",\"@id\":\"https:\\\/\\\/zidovskaskolalevice.sk\\\/#website\",\"url\":\"https:\\\/\\\/zidovskaskolalevice.sk\\\/\",\"name\":\"Projekt na obnovu n\u00e1rodnej kult\u00farnej pamiatky \u017didovsk\u00e1 \u0161kola Levice\",\"description\":\"Projekt na obnovu n\u00e1rodnej kult\u00farnej pamiatky \u017didovsk\u00e1 \u0161kola Levice\",\"publisher\":{\"@id\":\"https:\\\/\\\/zidovskaskolalevice.sk\\\/#organization\"},\"potentialAction\":[{\"@type\":\"SearchAction\",\"target\":{\"@type\":\"EntryPoint\",\"urlTemplate\":\"https:\\\/\\\/zidovskaskolalevice.sk\\\/?s={search_term_string}\"},\"query-input\":{\"@type\":\"PropertyValueSpecification\",\"valueRequired\":true,\"valueName\":\"search_term_string\"}}],\"inLanguage\":\"sk-SK\"},{\"@type\":\"Organization\",\"@id\":\"https:\\\/\\\/zidovskaskolalevice.sk\\\/#organization\",\"name\":\"Projekt na obnovu n\u00e1rodnej kult\u00farnej pamiatky \u017didovsk\u00e1 \u0161kola Levice\",\"url\":\"https:\\\/\\\/zidovskaskolalevice.sk\\\/\",\"logo\":{\"@type\":\"ImageObject\",\"inLanguage\":\"sk-SK\",\"@id\":\"https:\\\/\\\/zidovskaskolalevice.sk\\\/#\\\/schema\\\/logo\\\/image\\\/\",\"url\":\"https:\\\/\\\/zidovskaskolalevice.sk\\\/wp-content\\\/uploads\\\/2023\\\/03\\\/cropped-logo_spravne-2.jpg\",\"contentUrl\":\"https:\\\/\\\/zidovskaskolalevice.sk\\\/wp-content\\\/uploads\\\/2023\\\/03\\\/cropped-logo_spravne-2.jpg\",\"width\":680,\"height\":237,\"caption\":\"Projekt na obnovu n\u00e1rodnej kult\u00farnej pamiatky \u017didovsk\u00e1 \u0161kola Levice\"},\"image\":{\"@id\":\"https:\\\/\\\/zidovskaskolalevice.sk\\\/#\\\/schema\\\/logo\\\/image\\\/\"}}]}<\/script>\n<!-- \/ Yoast SEO plugin. -->","yoast_head_json":{"title":"We arrange - Projekt na obnovu n\u00e1rodnej kult\u00farnej pamiatky \u017didovsk\u00e1 \u0161kola Levice","robots":{"index":"index","follow":"follow","max-snippet":"max-snippet:-1","max-image-preview":"max-image-preview:large","max-video-preview":"max-video-preview:-1"},"canonical":"https:\/\/zidovskaskolalevice.sk\/?page_id=2593&lang=en","og_locale":"sk_SK","og_type":"article","og_title":"We arrange - Projekt na obnovu n\u00e1rodnej kult\u00farnej pamiatky \u017didovsk\u00e1 \u0161kola Levice","og_description":"And we&#8217;re going to the finals\ud83d\ude0a We&#8217;re decorating the interiors, we&#8217;re looking forward to every piece of furniture, curtain, hanging system, data projector, piano,&#8230; The cafe is getting its contours, all that&#8217;s missing is the smell of good coffee, a gallery, an exhibition. And of course, most of all, we look forward to all the Read More","og_url":"https:\/\/zidovskaskolalevice.sk\/?page_id=2593&lang=en","og_site_name":"Projekt na obnovu n\u00e1rodnej kult\u00farnej pamiatky \u017didovsk\u00e1 \u0161kola Levice","article_modified_time":"2024-06-26T04:52:57+00:00","og_image":[{"url":"http:\/\/zidovskaskolalevice.sk\/wp-content\/uploads\/2024\/06\/438118989_419384737713150_1260449556109142151_n-150x150.jpg","type":"","width":"","height":""}],"twitter_card":"summary_large_image","twitter_misc":{"Predpokladan\u00fd \u010das \u010d\u00edtania":"2 min\u00faty"},"schema":{"@context":"https:\/\/schema.org","@graph":[{"@type":"WebPage","@id":"https:\/\/zidovskaskolalevice.sk\/?page_id=2593&lang=en","url":"https:\/\/zidovskaskolalevice.sk\/?page_id=2593&lang=en","name":"We arrange - Projekt na obnovu n\u00e1rodnej kult\u00farnej pamiatky \u017didovsk\u00e1 \u0161kola Levice","isPartOf":{"@id":"https:\/\/zidovskaskolalevice.sk\/#website"},"primaryImageOfPage":{"@id":"https:\/\/zidovskaskolalevice.sk\/?page_id=2593&lang=en#primaryimage"},"image":{"@id":"https:\/\/zidovskaskolalevice.sk\/?page_id=2593&lang=en#primaryimage"},"thumbnailUrl":"http:\/\/zidovskaskolalevice.sk\/wp-content\/uploads\/2024\/06\/438118989_419384737713150_1260449556109142151_n-150x150.jpg","datePublished":"2024-06-26T04:52:44+00:00","dateModified":"2024-06-26T04:52:57+00:00","breadcrumb":{"@id":"https:\/\/zidovskaskolalevice.sk\/?page_id=2593&lang=en#breadcrumb"},"inLanguage":"sk-SK","potentialAction":[{"@type":"ReadAction","target":["https:\/\/zidovskaskolalevice.sk\/?page_id=2593&lang=en"]}]},{"@type":"ImageObject","inLanguage":"sk-SK","@id":"https:\/\/zidovskaskolalevice.sk\/?page_id=2593&lang=en#primaryimage","url":"http:\/\/zidovskaskolalevice.sk\/wp-content\/uploads\/2024\/06\/438118989_419384737713150_1260449556109142151_n-150x150.jpg","contentUrl":"http:\/\/zidovskaskolalevice.sk\/wp-content\/uploads\/2024\/06\/438118989_419384737713150_1260449556109142151_n-150x150.jpg"},{"@type":"BreadcrumbList","@id":"https:\/\/zidovskaskolalevice.sk\/?page_id=2593&lang=en#breadcrumb","itemListElement":[{"@type":"ListItem","position":1,"name":"Home","item":"https:\/\/zidovskaskolalevice.sk\/"},{"@type":"ListItem","position":2,"name":"We arrange"}]},{"@type":"WebSite","@id":"https:\/\/zidovskaskolalevice.sk\/#website","url":"https:\/\/zidovskaskolalevice.sk\/","name":"Projekt na obnovu n\u00e1rodnej kult\u00farnej pamiatky \u017didovsk\u00e1 \u0161kola Levice","description":"Projekt na obnovu n\u00e1rodnej kult\u00farnej pamiatky \u017didovsk\u00e1 \u0161kola Levice","publisher":{"@id":"https:\/\/zidovskaskolalevice.sk\/#organization"},"potentialAction":[{"@type":"SearchAction","target":{"@type":"EntryPoint","urlTemplate":"https:\/\/zidovskaskolalevice.sk\/?s={search_term_string}"},"query-input":{"@type":"PropertyValueSpecification","valueRequired":true,"valueName":"search_term_string"}}],"inLanguage":"sk-SK"},{"@type":"Organization","@id":"https:\/\/zidovskaskolalevice.sk\/#organization","name":"Projekt na obnovu n\u00e1rodnej kult\u00farnej pamiatky \u017didovsk\u00e1 \u0161kola Levice","url":"https:\/\/zidovskaskolalevice.sk\/","logo":{"@type":"ImageObject","inLanguage":"sk-SK","@id":"https:\/\/zidovskaskolalevice.sk\/#\/schema\/logo\/image\/","url":"https:\/\/zidovskaskolalevice.sk\/wp-content\/uploads\/2023\/03\/cropped-logo_spravne-2.jpg","contentUrl":"https:\/\/zidovskaskolalevice.sk\/wp-content\/uploads\/2023\/03\/cropped-logo_spravne-2.jpg","width":680,"height":237,"caption":"Projekt na obnovu n\u00e1rodnej kult\u00farnej pamiatky \u017didovsk\u00e1 \u0161kola Levice"},"image":{"@id":"https:\/\/zidovskaskolalevice.sk\/#\/schema\/logo\/image\/"}}]}},"_links":{"self":[{"href":"https:\/\/zidovskaskolalevice.sk\/index.php?rest_route=\/wp\/v2\/pages\/2593","targetHints":{"allow":["GET"]}}],"collection":[{"href":"https:\/\/zidovskaskolalevice.sk\/index.php?rest_route=\/wp\/v2\/pages"}],"about":[{"href":"https:\/\/zidovskaskolalevice.sk\/index.php?rest_route=\/wp\/v2\/types\/page"}],"author":[{"embeddable":true,"href":"https:\/\/zidovskaskolalevice.sk\/index.php?rest_route=\/wp\/v2\/users\/1"}],"replies":[{"embeddable":true,"href":"https:\/\/zidovskaskolalevice.sk\/index.php?rest_route=%2Fwp%2Fv2%2Fcomments&post=2593"}],"version-history":[{"count":5,"href":"https:\/\/zidovskaskolalevice.sk\/index.php?rest_route=\/wp\/v2\/pages\/2593\/revisions"}],"predecessor-version":[{"id":2598,"href":"https:\/\/zidovskaskolalevice.sk\/index.php?rest_route=\/wp\/v2\/pages\/2593\/revisions\/2598"}],"wp:attachment":[{"href":"https:\/\/zidovskaskolalevice.sk\/index.php?rest_route=%2Fwp%2Fv2%2Fmedia&parent=2593"}],"curies":[{"name":"wp","href":"https:\/\/api.w.org\/{rel}","templated":true}]}}