{"id":520,"date":"2021-12-29T09:13:24","date_gmt":"2021-12-29T08:13:24","guid":{"rendered":"https:\/\/zidovskaskolalevice.sk\/?page_id=520"},"modified":"2021-12-29T09:16:17","modified_gmt":"2021-12-29T08:16:17","slug":"history-of-school","status":"publish","type":"page","link":"https:\/\/zidovskaskolalevice.sk\/?page_id=520&lang=en","title":{"rendered":"History of school"},"content":{"rendered":"\t\t<div data-elementor-type=\"wp-page\" data-elementor-id=\"520\" class=\"elementor elementor-520\">\n\t\t\t\t\t\t<section class=\"elementor-section elementor-top-section elementor-element elementor-element-e0a85ea elementor-section-full_width elementor-section-height-default elementor-section-height-default\" data-id=\"e0a85ea\" data-element_type=\"section\" data-e-type=\"section\">\n\t\t\t\t\t\t<div class=\"elementor-container elementor-column-gap-default\">\n\t\t\t\t\t<div class=\"elementor-column elementor-col-100 elementor-top-column elementor-element elementor-element-06feb50\" data-id=\"06feb50\" data-element_type=\"column\" data-e-type=\"column\">\n\t\t\t<div class=\"elementor-widget-wrap elementor-element-populated\">\n\t\t\t\t\t\t<div class=\"elementor-element elementor-element-5cf58d5 elementor-widget elementor-widget-text-editor\" data-id=\"5cf58d5\" data-element_type=\"widget\" data-e-type=\"widget\" data-widget_type=\"text-editor.default\">\n\t\t\t\t<div class=\"elementor-widget-container\">\n\t\t\t\t\t\t\t\t\t<p>The Jewish faithful in Levice had also their school. It was situated just beside the synagogue. The first school ever was founded in 1853, first as the private, than as the community one, and its public status was retained until 1854. Kurlander and Neufeld were the first teachers there. In 1898, there were five classrooms at the school attended by 179 pupils.\u00a0<\/p>\t\t\t\t\t\t\t\t<\/div>\n\t\t\t\t<\/div>\n\t\t\t\t<div class=\"elementor-element elementor-element-ac0c952 elementor-widget elementor-widget-image\" data-id=\"ac0c952\" data-element_type=\"widget\" data-e-type=\"widget\" data-widget_type=\"image.default\">\n\t\t\t\t<div class=\"elementor-widget-container\">\n\t\t\t\t\t\t\t\t\t\t\t\t<figure class=\"wp-caption\">\n\t\t\t\t\t\t\t\t\t\t<img fetchpriority=\"high\" decoding=\"async\" width=\"1024\" height=\"626\" src=\"https:\/\/zidovskaskolalevice.sk\/wp-content\/uploads\/2021\/11\/1-1024x626.jpg\" class=\"attachment-large size-large wp-image-85\" alt=\"\" srcset=\"https:\/\/zidovskaskolalevice.sk\/wp-content\/uploads\/2021\/11\/1-1024x626.jpg 1024w, https:\/\/zidovskaskolalevice.sk\/wp-content\/uploads\/2021\/11\/1-300x183.jpg 300w, https:\/\/zidovskaskolalevice.sk\/wp-content\/uploads\/2021\/11\/1-768x470.jpg 768w, https:\/\/zidovskaskolalevice.sk\/wp-content\/uploads\/2021\/11\/1.jpg 1336w\" sizes=\"(max-width: 1024px) 100vw, 1024px\" \/>\t\t\t\t\t\t\t\t\t\t\t<figcaption class=\"widget-image-caption wp-caption-text\">The building of the old Jewish state school at Holubyho street in Levice. The new building was erected between 1934 and 1935. Ing. arch. Jacques Oblatt was the author of the project.<\/figcaption>\n\t\t\t\t\t\t\t\t\t\t<\/figure>\n\t\t\t\t\t\t\t\t\t<\/div>\n\t\t\t\t<\/div>\n\t\t\t\t<div class=\"elementor-element elementor-element-1aaadcb elementor-widget elementor-widget-text-editor\" data-id=\"1aaadcb\" data-element_type=\"widget\" data-e-type=\"widget\" data-widget_type=\"text-editor.default\">\n\t\t\t\t<div class=\"elementor-widget-container\">\n\t\t\t\t\t\t\t\t\t<p>Since 1870, Ign\u00e1c Steiner (later Headmaster) as well as Leopold Reisz, Vojtech Blau, and Emanuel Grunberger were the teachers at the Jewish school. Dr. Jakub Klein, chairman of the Jewish school office in Levice, was mentioned in 1893. E. Grunberger, Adolf De\u00e1k, Franti\u0161ek B\u00e1nyai, and Headmaster Ign\u00e1c Steiner were teachers at the Jewish state school. After Ign\u00e1c Steiner, the title of Headmaster was taken over by Adolf De\u00e1k, then Franti\u0161ek B\u00e1nyai and Karol L\u00e9vai. Ign\u00e1c Erdos was a teacher at the Jewish school in Levice since 1910; in 1929, he became Headmaster thereof.\u00a0 In the 1930\u2019s, there were three teachers at the school; Headmaster plus Anna Mayerov\u00e1 and Armin Muller.\u00a0<\/p>\t\t\t\t\t\t\t\t<\/div>\n\t\t\t\t<\/div>\n\t\t\t\t<div class=\"elementor-element elementor-element-a2ad27a elementor-widget elementor-widget-image\" data-id=\"a2ad27a\" data-element_type=\"widget\" data-e-type=\"widget\" data-widget_type=\"image.default\">\n\t\t\t\t<div class=\"elementor-widget-container\">\n\t\t\t\t\t\t\t\t\t\t\t\t<figure class=\"wp-caption\">\n\t\t\t\t\t\t\t\t\t\t<img decoding=\"async\" width=\"1024\" height=\"483\" src=\"https:\/\/zidovskaskolalevice.sk\/wp-content\/uploads\/2021\/11\/2-1024x483.jpg\" class=\"attachment-large size-large wp-image-86\" alt=\"\" srcset=\"https:\/\/zidovskaskolalevice.sk\/wp-content\/uploads\/2021\/11\/2-1024x483.jpg 1024w, https:\/\/zidovskaskolalevice.sk\/wp-content\/uploads\/2021\/11\/2-300x142.jpg 300w, https:\/\/zidovskaskolalevice.sk\/wp-content\/uploads\/2021\/11\/2-768x362.jpg 768w, https:\/\/zidovskaskolalevice.sk\/wp-content\/uploads\/2021\/11\/2.jpg 1348w\" sizes=\"(max-width: 1024px) 100vw, 1024px\" \/>\t\t\t\t\t\t\t\t\t\t\t<figcaption class=\"widget-image-caption wp-caption-text\">Teachers at the Jewish school: From the left Ing. Erdos, teachers A. Mayerov\u00e1 and Al. Muller.<\/figcaption>\n\t\t\t\t\t\t\t\t\t\t<\/figure>\n\t\t\t\t\t\t\t\t\t<\/div>\n\t\t\t\t<\/div>\n\t\t\t\t<div class=\"elementor-element elementor-element-807f745 elementor-widget elementor-widget-text-editor\" data-id=\"807f745\" data-element_type=\"widget\" data-e-type=\"widget\" data-widget_type=\"text-editor.default\">\n\t\t\t\t<div class=\"elementor-widget-container\">\n\t\t\t\t\t\t\t\t\t<p>In the first third of the 20th century, the old single storey building of the Jewish school did not meet capacity or hygienic requirements anymore, so the Jewish faithful decided to build a new modern school building. The new school building according to the project of Jacques Oblatt, an architect from Vienna, was built in 1934 and 1935 and it is a characteristic piece of the functionalist architecture from the thirties. In was completed in 1936. No higher Jewish school has been established in Levice. The Sunday revision school existing by the Jewish state school in 1882 could be considered a predecessor of vocational schools. Emanuel Grunberger was a teacher at the revision school and the teachers from the Jewish state school were also teaching at the vocational school founded in 1885. First students from the Levice Jewish community started to study at the local Piarist secondary grammar school no later than after the first half of the 19th century. Two of them were studying here in the school year 1846\/49: Adolf Ehrenfeld and \u0160alam\u00fan Fridman (both of them listed in the register of 1844). In 1875, 45 of 130 students of four grades of the school were of the Jewish origin. Since there was no town school for boys until 1923, boys from Jewish families had attended at least three or four grades at the secondary grammar school before they became involved in family businesses. Talented Jewish children continued their studies at universities; several Jewish lawyers and doctors ran their businesses in Levice as early as at the turn of the 19th century.\u00a0 After the establishment of the Czechoslovak Republic, technical engineering disciplines such as civil engineering, architecture, geodesy or chemical engineering were also studied along with conventional law and medicine. Children from Jewish intelligentsia families were the students in particular: Leo, the oldest of four children of rabbi Liebermann, became a lawyer, the younger children Margita, Helena (Lilly), and Ernest finished their medicine studies. All three children of Franti\u0161ek B\u00e1nyai \u2013 Alexander, Zolt\u00e1n, and Janka \u2013 became doctors.<\/p>\t\t\t\t\t\t\t\t<\/div>\n\t\t\t\t<\/div>\n\t\t\t\t<div class=\"elementor-element elementor-element-d6e76d7 elementor-widget elementor-widget-image\" data-id=\"d6e76d7\" data-element_type=\"widget\" data-e-type=\"widget\" data-widget_type=\"image.default\">\n\t\t\t\t<div class=\"elementor-widget-container\">\n\t\t\t\t\t\t\t\t\t\t\t\t<figure class=\"wp-caption\">\n\t\t\t\t\t\t\t\t\t\t<img decoding=\"async\" width=\"1024\" height=\"627\" src=\"https:\/\/zidovskaskolalevice.sk\/wp-content\/uploads\/2021\/11\/3-1024x627.jpg\" class=\"attachment-large size-large wp-image-93\" alt=\"\" srcset=\"https:\/\/zidovskaskolalevice.sk\/wp-content\/uploads\/2021\/11\/3-1024x627.jpg 1024w, https:\/\/zidovskaskolalevice.sk\/wp-content\/uploads\/2021\/11\/3-300x184.jpg 300w, https:\/\/zidovskaskolalevice.sk\/wp-content\/uploads\/2021\/11\/3-768x471.jpg 768w, https:\/\/zidovskaskolalevice.sk\/wp-content\/uploads\/2021\/11\/3.jpg 1340w\" sizes=\"(max-width: 1024px) 100vw, 1024px\" \/>\t\t\t\t\t\t\t\t\t\t\t<figcaption class=\"widget-image-caption wp-caption-text\">Students of the Jewish primary school in Levice in 1939.<\/figcaption>\n\t\t\t\t\t\t\t\t\t\t<\/figure>\n\t\t\t\t\t\t\t\t\t<\/div>\n\t\t\t\t<\/div>\n\t\t\t\t<div class=\"elementor-element elementor-element-13eccdd elementor-widget elementor-widget-text-editor\" data-id=\"13eccdd\" data-element_type=\"widget\" data-e-type=\"widget\" data-widget_type=\"text-editor.default\">\n\t\t\t\t<div class=\"elementor-widget-container\">\n\t\t\t\t\t\t\t\t\t<p>It is a very sad fact that the Jews enjoyed their school a few years only and the same building was then used as a ghetto for gathering them before deportation&#8230;<\/p>\t\t\t\t\t\t\t\t<\/div>\n\t\t\t\t<\/div>\n\t\t\t\t\t<\/div>\n\t\t<\/div>\n\t\t\t\t\t<\/div>\n\t\t<\/section>\n\t\t\t\t<\/div>\n\t\t","protected":false},"excerpt":{"rendered":"<p>The Jewish faithful in Levice had also their school. It was situated just beside the synagogue. The first school ever was founded in 1853, first as the private, than as the community one, and its public status was retained until 1854. Kurlander and Neufeld were the first teachers there. In 1898, there were five classrooms <a class=\"read-more\" href=\"https:\/\/zidovskaskolalevice.sk\/?page_id=520&#038;lang=en\">Read More<\/a><\/p>\n","protected":false},"author":1,"featured_media":0,"parent":0,"menu_order":0,"comment_status":"closed","ping_status":"closed","template":"","meta":{"om_disable_all_campaigns":false,"_monsterinsights_skip_tracking":false,"_monsterinsights_sitenote_active":false,"_monsterinsights_sitenote_note":"","_monsterinsights_sitenote_category":0,"_uf_show_specific_survey":0,"_uf_disable_surveys":false,"ngg_post_thumbnail":0,"footnotes":""},"class_list":["post-520","page","type-page","status-publish","hentry"],"yoast_head":"<!-- This site is optimized with the Yoast SEO plugin v27.5 - https:\/\/yoast.com\/product\/yoast-seo-wordpress\/ -->\n<title>History of school - Projekt na obnovu n\u00e1rodnej kult\u00farnej pamiatky \u017didovsk\u00e1 \u0161kola Levice<\/title>\n<meta name=\"robots\" content=\"index, follow, max-snippet:-1, max-image-preview:large, max-video-preview:-1\" \/>\n<link rel=\"canonical\" href=\"https:\/\/zidovskaskolalevice.sk\/?page_id=520&lang=en\" \/>\n<meta property=\"og:locale\" content=\"sk_SK\" \/>\n<meta property=\"og:type\" content=\"article\" \/>\n<meta property=\"og:title\" content=\"History of school - Projekt na obnovu n\u00e1rodnej kult\u00farnej pamiatky \u017didovsk\u00e1 \u0161kola Levice\" \/>\n<meta property=\"og:description\" content=\"The Jewish faithful in Levice had also their school. It was situated just beside the synagogue. The first school ever was founded in 1853, first as the private, than as the community one, and its public status was retained until 1854. Kurlander and Neufeld were the first teachers there. In 1898, there were five classrooms Read More\" \/>\n<meta property=\"og:url\" content=\"https:\/\/zidovskaskolalevice.sk\/?page_id=520&amp;lang=en\" \/>\n<meta property=\"og:site_name\" content=\"Projekt na obnovu n\u00e1rodnej kult\u00farnej pamiatky \u017didovsk\u00e1 \u0161kola Levice\" \/>\n<meta property=\"article:modified_time\" content=\"2021-12-29T08:16:17+00:00\" \/>\n<meta property=\"og:image\" content=\"http:\/\/zidovskaskolalevice.sk\/wp-content\/uploads\/2021\/11\/1-1024x626.jpg\" \/>\n<meta name=\"twitter:card\" content=\"summary_large_image\" \/>\n<meta name=\"twitter:label1\" content=\"Predpokladan\u00fd \u010das \u010d\u00edtania\" \/>\n\t<meta name=\"twitter:data1\" content=\"4 min\u00faty\" \/>\n<script type=\"application\/ld+json\" class=\"yoast-schema-graph\">{\"@context\":\"https:\\\/\\\/schema.org\",\"@graph\":[{\"@type\":\"WebPage\",\"@id\":\"https:\\\/\\\/zidovskaskolalevice.sk\\\/?page_id=520&lang=en\",\"url\":\"https:\\\/\\\/zidovskaskolalevice.sk\\\/?page_id=520&lang=en\",\"name\":\"History of school - Projekt na obnovu n\u00e1rodnej kult\u00farnej pamiatky \u017didovsk\u00e1 \u0161kola Levice\",\"isPartOf\":{\"@id\":\"https:\\\/\\\/zidovskaskolalevice.sk\\\/#website\"},\"primaryImageOfPage\":{\"@id\":\"https:\\\/\\\/zidovskaskolalevice.sk\\\/?page_id=520&lang=en#primaryimage\"},\"image\":{\"@id\":\"https:\\\/\\\/zidovskaskolalevice.sk\\\/?page_id=520&lang=en#primaryimage\"},\"thumbnailUrl\":\"http:\\\/\\\/zidovskaskolalevice.sk\\\/wp-content\\\/uploads\\\/2021\\\/11\\\/1-1024x626.jpg\",\"datePublished\":\"2021-12-29T08:13:24+00:00\",\"dateModified\":\"2021-12-29T08:16:17+00:00\",\"breadcrumb\":{\"@id\":\"https:\\\/\\\/zidovskaskolalevice.sk\\\/?page_id=520&lang=en#breadcrumb\"},\"inLanguage\":\"sk-SK\",\"potentialAction\":[{\"@type\":\"ReadAction\",\"target\":[\"https:\\\/\\\/zidovskaskolalevice.sk\\\/?page_id=520&lang=en\"]}]},{\"@type\":\"ImageObject\",\"inLanguage\":\"sk-SK\",\"@id\":\"https:\\\/\\\/zidovskaskolalevice.sk\\\/?page_id=520&lang=en#primaryimage\",\"url\":\"http:\\\/\\\/zidovskaskolalevice.sk\\\/wp-content\\\/uploads\\\/2021\\\/11\\\/1-1024x626.jpg\",\"contentUrl\":\"http:\\\/\\\/zidovskaskolalevice.sk\\\/wp-content\\\/uploads\\\/2021\\\/11\\\/1-1024x626.jpg\"},{\"@type\":\"BreadcrumbList\",\"@id\":\"https:\\\/\\\/zidovskaskolalevice.sk\\\/?page_id=520&lang=en#breadcrumb\",\"itemListElement\":[{\"@type\":\"ListItem\",\"position\":1,\"name\":\"Home\",\"item\":\"https:\\\/\\\/zidovskaskolalevice.sk\\\/\"},{\"@type\":\"ListItem\",\"position\":2,\"name\":\"History of school\"}]},{\"@type\":\"WebSite\",\"@id\":\"https:\\\/\\\/zidovskaskolalevice.sk\\\/#website\",\"url\":\"https:\\\/\\\/zidovskaskolalevice.sk\\\/\",\"name\":\"Projekt na obnovu n\u00e1rodnej kult\u00farnej pamiatky \u017didovsk\u00e1 \u0161kola Levice\",\"description\":\"Projekt na obnovu n\u00e1rodnej kult\u00farnej pamiatky \u017didovsk\u00e1 \u0161kola Levice\",\"publisher\":{\"@id\":\"https:\\\/\\\/zidovskaskolalevice.sk\\\/#organization\"},\"potentialAction\":[{\"@type\":\"SearchAction\",\"target\":{\"@type\":\"EntryPoint\",\"urlTemplate\":\"https:\\\/\\\/zidovskaskolalevice.sk\\\/?s={search_term_string}\"},\"query-input\":{\"@type\":\"PropertyValueSpecification\",\"valueRequired\":true,\"valueName\":\"search_term_string\"}}],\"inLanguage\":\"sk-SK\"},{\"@type\":\"Organization\",\"@id\":\"https:\\\/\\\/zidovskaskolalevice.sk\\\/#organization\",\"name\":\"Projekt na obnovu n\u00e1rodnej kult\u00farnej pamiatky \u017didovsk\u00e1 \u0161kola Levice\",\"url\":\"https:\\\/\\\/zidovskaskolalevice.sk\\\/\",\"logo\":{\"@type\":\"ImageObject\",\"inLanguage\":\"sk-SK\",\"@id\":\"https:\\\/\\\/zidovskaskolalevice.sk\\\/#\\\/schema\\\/logo\\\/image\\\/\",\"url\":\"https:\\\/\\\/zidovskaskolalevice.sk\\\/wp-content\\\/uploads\\\/2023\\\/03\\\/cropped-logo_spravne-2.jpg\",\"contentUrl\":\"https:\\\/\\\/zidovskaskolalevice.sk\\\/wp-content\\\/uploads\\\/2023\\\/03\\\/cropped-logo_spravne-2.jpg\",\"width\":680,\"height\":237,\"caption\":\"Projekt na obnovu n\u00e1rodnej kult\u00farnej pamiatky \u017didovsk\u00e1 \u0161kola Levice\"},\"image\":{\"@id\":\"https:\\\/\\\/zidovskaskolalevice.sk\\\/#\\\/schema\\\/logo\\\/image\\\/\"}}]}<\/script>\n<!-- \/ Yoast SEO plugin. -->","yoast_head_json":{"title":"History of school - Projekt na obnovu n\u00e1rodnej kult\u00farnej pamiatky \u017didovsk\u00e1 \u0161kola Levice","robots":{"index":"index","follow":"follow","max-snippet":"max-snippet:-1","max-image-preview":"max-image-preview:large","max-video-preview":"max-video-preview:-1"},"canonical":"https:\/\/zidovskaskolalevice.sk\/?page_id=520&lang=en","og_locale":"sk_SK","og_type":"article","og_title":"History of school - Projekt na obnovu n\u00e1rodnej kult\u00farnej pamiatky \u017didovsk\u00e1 \u0161kola Levice","og_description":"The Jewish faithful in Levice had also their school. It was situated just beside the synagogue. The first school ever was founded in 1853, first as the private, than as the community one, and its public status was retained until 1854. Kurlander and Neufeld were the first teachers there. In 1898, there were five classrooms Read More","og_url":"https:\/\/zidovskaskolalevice.sk\/?page_id=520&lang=en","og_site_name":"Projekt na obnovu n\u00e1rodnej kult\u00farnej pamiatky \u017didovsk\u00e1 \u0161kola Levice","article_modified_time":"2021-12-29T08:16:17+00:00","og_image":[{"url":"http:\/\/zidovskaskolalevice.sk\/wp-content\/uploads\/2021\/11\/1-1024x626.jpg","type":"","width":"","height":""}],"twitter_card":"summary_large_image","twitter_misc":{"Predpokladan\u00fd \u010das \u010d\u00edtania":"4 min\u00faty"},"schema":{"@context":"https:\/\/schema.org","@graph":[{"@type":"WebPage","@id":"https:\/\/zidovskaskolalevice.sk\/?page_id=520&lang=en","url":"https:\/\/zidovskaskolalevice.sk\/?page_id=520&lang=en","name":"History of school - Projekt na obnovu n\u00e1rodnej kult\u00farnej pamiatky \u017didovsk\u00e1 \u0161kola Levice","isPartOf":{"@id":"https:\/\/zidovskaskolalevice.sk\/#website"},"primaryImageOfPage":{"@id":"https:\/\/zidovskaskolalevice.sk\/?page_id=520&lang=en#primaryimage"},"image":{"@id":"https:\/\/zidovskaskolalevice.sk\/?page_id=520&lang=en#primaryimage"},"thumbnailUrl":"http:\/\/zidovskaskolalevice.sk\/wp-content\/uploads\/2021\/11\/1-1024x626.jpg","datePublished":"2021-12-29T08:13:24+00:00","dateModified":"2021-12-29T08:16:17+00:00","breadcrumb":{"@id":"https:\/\/zidovskaskolalevice.sk\/?page_id=520&lang=en#breadcrumb"},"inLanguage":"sk-SK","potentialAction":[{"@type":"ReadAction","target":["https:\/\/zidovskaskolalevice.sk\/?page_id=520&lang=en"]}]},{"@type":"ImageObject","inLanguage":"sk-SK","@id":"https:\/\/zidovskaskolalevice.sk\/?page_id=520&lang=en#primaryimage","url":"http:\/\/zidovskaskolalevice.sk\/wp-content\/uploads\/2021\/11\/1-1024x626.jpg","contentUrl":"http:\/\/zidovskaskolalevice.sk\/wp-content\/uploads\/2021\/11\/1-1024x626.jpg"},{"@type":"BreadcrumbList","@id":"https:\/\/zidovskaskolalevice.sk\/?page_id=520&lang=en#breadcrumb","itemListElement":[{"@type":"ListItem","position":1,"name":"Home","item":"https:\/\/zidovskaskolalevice.sk\/"},{"@type":"ListItem","position":2,"name":"History of school"}]},{"@type":"WebSite","@id":"https:\/\/zidovskaskolalevice.sk\/#website","url":"https:\/\/zidovskaskolalevice.sk\/","name":"Projekt na obnovu n\u00e1rodnej kult\u00farnej pamiatky \u017didovsk\u00e1 \u0161kola Levice","description":"Projekt na obnovu n\u00e1rodnej kult\u00farnej pamiatky \u017didovsk\u00e1 \u0161kola Levice","publisher":{"@id":"https:\/\/zidovskaskolalevice.sk\/#organization"},"potentialAction":[{"@type":"SearchAction","target":{"@type":"EntryPoint","urlTemplate":"https:\/\/zidovskaskolalevice.sk\/?s={search_term_string}"},"query-input":{"@type":"PropertyValueSpecification","valueRequired":true,"valueName":"search_term_string"}}],"inLanguage":"sk-SK"},{"@type":"Organization","@id":"https:\/\/zidovskaskolalevice.sk\/#organization","name":"Projekt na obnovu n\u00e1rodnej kult\u00farnej pamiatky \u017didovsk\u00e1 \u0161kola Levice","url":"https:\/\/zidovskaskolalevice.sk\/","logo":{"@type":"ImageObject","inLanguage":"sk-SK","@id":"https:\/\/zidovskaskolalevice.sk\/#\/schema\/logo\/image\/","url":"https:\/\/zidovskaskolalevice.sk\/wp-content\/uploads\/2023\/03\/cropped-logo_spravne-2.jpg","contentUrl":"https:\/\/zidovskaskolalevice.sk\/wp-content\/uploads\/2023\/03\/cropped-logo_spravne-2.jpg","width":680,"height":237,"caption":"Projekt na obnovu n\u00e1rodnej kult\u00farnej pamiatky \u017didovsk\u00e1 \u0161kola Levice"},"image":{"@id":"https:\/\/zidovskaskolalevice.sk\/#\/schema\/logo\/image\/"}}]}},"_links":{"self":[{"href":"https:\/\/zidovskaskolalevice.sk\/index.php?rest_route=\/wp\/v2\/pages\/520","targetHints":{"allow":["GET"]}}],"collection":[{"href":"https:\/\/zidovskaskolalevice.sk\/index.php?rest_route=\/wp\/v2\/pages"}],"about":[{"href":"https:\/\/zidovskaskolalevice.sk\/index.php?rest_route=\/wp\/v2\/types\/page"}],"author":[{"embeddable":true,"href":"https:\/\/zidovskaskolalevice.sk\/index.php?rest_route=\/wp\/v2\/users\/1"}],"replies":[{"embeddable":true,"href":"https:\/\/zidovskaskolalevice.sk\/index.php?rest_route=%2Fwp%2Fv2%2Fcomments&post=520"}],"version-history":[{"count":4,"href":"https:\/\/zidovskaskolalevice.sk\/index.php?rest_route=\/wp\/v2\/pages\/520\/revisions"}],"predecessor-version":[{"id":524,"href":"https:\/\/zidovskaskolalevice.sk\/index.php?rest_route=\/wp\/v2\/pages\/520\/revisions\/524"}],"wp:attachment":[{"href":"https:\/\/zidovskaskolalevice.sk\/index.php?rest_route=%2Fwp%2Fv2%2Fmedia&parent=520"}],"curies":[{"name":"wp","href":"https:\/\/api.w.org\/{rel}","templated":true}]}}